{"id":3504,"date":"2025-09-05T14:27:13","date_gmt":"2025-09-05T12:27:13","guid":{"rendered":"https:\/\/www.boomerang-intelligence.com\/politica-privacidad\/"},"modified":"2026-03-24T10:34:45","modified_gmt":"2026-03-24T09:34:45","slug":"politica-privacidad","status":"publish","type":"page","link":"https:\/\/www.boomerang-intelligence.com\/ca\/politica-privacidad\/","title":{"rendered":"Pol\u00edtica de privacidad"},"content":{"rendered":"\t\t<div data-elementor-type=\"wp-page\" data-elementor-id=\"3504\" class=\"elementor elementor-3504 elementor-3\" data-elementor-post-type=\"page\">\n\t\t\t\t<div class=\"elementor-element elementor-element-bb075be e-flex e-con-boxed e-con e-parent\" data-id=\"bb075be\" data-element_type=\"container\" data-e-type=\"container\" data-settings=\"{&quot;background_background&quot;:&quot;classic&quot;}\">\n\t\t\t\t\t<div class=\"e-con-inner\">\n\t\t\t\t<div class=\"elementor-element elementor-element-35ef4e3 elementor-widget elementor-widget-heading\" data-id=\"35ef4e3\" data-element_type=\"widget\" data-e-type=\"widget\" data-widget_type=\"heading.default\">\n\t\t\t\t\t<h1 class=\"elementor-heading-title elementor-size-default\">Pol\u00edtica de privacidad<\/h1>\t\t\t\t<\/div>\n\t\t\t\t\t<\/div>\n\t\t\t\t<\/div>\n\t\t<div class=\"elementor-element elementor-element-b92b403 e-flex e-con-boxed e-con e-parent\" data-id=\"b92b403\" data-element_type=\"container\" data-e-type=\"container\">\n\t\t\t\t\t<div class=\"e-con-inner\">\n\t\t\t\t<div class=\"elementor-element elementor-element-f620b97 cms elementor-widget elementor-widget-text-editor\" data-id=\"f620b97\" data-element_type=\"widget\" data-e-type=\"widget\" data-widget_type=\"text-editor.default\">\n\t\t\t\t\t\t\t\t\t<p data-start=\"0\" data-end=\"227\"><strong data-start=\"0\" data-end=\"26\">BOOMERANG TALENT, S.L.<\/strong> es compromet a salvaguardar la teva privacitat. Contacta\u2019ns a <strong data-start=\"89\" data-end=\"116\"><a class=\"decorated-link cursor-pointer\" rel=\"noopener\" data-start=\"91\" data-end=\"114\">atencion@beboomerang.es<\/a><\/strong> si tens qualsevol pregunta o problema sobre l\u2019\u00fas de les teves Dades Personals i estarem encantats d\u2019atendre\u2019t.<\/p><p data-start=\"229\" data-end=\"353\">En utilitzar aquest lloc i\/o els nostres serveis, consents el tractament de les teves Dades Personals descrit a continuaci\u00f3.<\/p><hr data-start=\"355\" data-end=\"358\" \/><h2 data-section-id=\"1pn3y3x\" data-start=\"360\" data-end=\"382\">Taula de continguts<\/h2><p data-start=\"383\" data-end=\"459\">Informaci\u00f3<br data-start=\"393\" data-end=\"396\" \/>Finalitats<br data-start=\"406\" data-end=\"409\" \/>Conservaci\u00f3<br data-start=\"420\" data-end=\"423\" \/>Legitimaci\u00f3<br data-start=\"434\" data-end=\"437\" \/>Destinataris<br data-start=\"449\" data-end=\"452\" \/>Drets<\/p><hr data-start=\"461\" data-end=\"464\" \/><h2 data-section-id=\"2sf1gz\" data-start=\"466\" data-end=\"482\">1. Informaci\u00f3<\/h2><p data-start=\"483\" data-end=\"651\"><strong data-start=\"483\" data-end=\"497\">Identitat:<\/strong> BOOMERANG TALENT, S.L.<br data-start=\"520\" data-end=\"523\" \/><strong data-start=\"523\" data-end=\"545\">Correu electr\u00f2nic:<\/strong> <a class=\"decorated-link cursor-pointer\" rel=\"noopener\" data-start=\"546\" data-end=\"569\">atencion@beboomerang.es<\/a><br data-start=\"569\" data-end=\"572\" \/><strong data-start=\"572\" data-end=\"580\">CIF:<\/strong> B75922393<br data-start=\"590\" data-end=\"593\" \/><strong data-start=\"593\" data-end=\"611\">Adre\u00e7a postal:<\/strong> Aribau 205, Planta 5, 08006 Barcelona<\/p><hr data-start=\"653\" data-end=\"656\" \/><h2 data-section-id=\"1htszpq\" data-start=\"658\" data-end=\"674\">2. Finalitats<\/h2><p data-start=\"676\" data-end=\"821\">En nom de BOOMERANG TALENT, S.L., t\u2019informem que tractem la informaci\u00f3 que, volunt\u00e0riament, ens facilites amb les seg\u00fcents finalitats principals:<\/p><ul data-start=\"823\" data-end=\"1272\"><li data-section-id=\"dzjyvl\" data-start=\"823\" data-end=\"1008\"><strong data-start=\"825\" data-end=\"860\">Atenci\u00f3 a consultes i contactes<\/strong> rebuts a trav\u00e9s d\u2019aquest lloc web: inclou totes les gestions administratives i operatives necess\u00e0ries per resoldre correctament la teva consulta.<\/li><li data-section-id=\"byezlu\" data-start=\"1009\" data-end=\"1178\"><strong data-start=\"1011\" data-end=\"1068\">Gesti\u00f3 d\u2019una experi\u00e8ncia d\u2019usuari eficient i adequada<\/strong> a la p\u00e0gina web: inclou totes les accions necess\u00e0ries per garantir una navegaci\u00f3 \u00e0gil, segura i accessible.<\/li><li data-section-id=\"1u0eyyr\" data-start=\"1179\" data-end=\"1272\"><strong data-start=\"1181\" data-end=\"1207\">Enviament d\u2019informaci\u00f3<\/strong> relacionada amb els serveis i accions presentades al lloc web.<\/li><\/ul><hr data-start=\"1274\" data-end=\"1277\" \/><h2 data-section-id=\"ie9ka8\" data-start=\"1279\" data-end=\"1296\">3. Conservaci\u00f3<\/h2><p data-start=\"1298\" data-end=\"1524\">Les dades proporcionades es conservaran durant el temps necessari per gestionar la resoluci\u00f3 i resposta a la consulta plantejada, aix\u00ed com durant el per\u00edode exigit per les obligacions legals aplicables a BOOMERANG TALENT, S.L.<\/p><hr data-start=\"1526\" data-end=\"1529\" \/><h2 data-section-id=\"16w24hc\" data-start=\"1531\" data-end=\"1548\">4. Legitimaci\u00f3<\/h2><p data-start=\"1550\" data-end=\"1629\">T\u2019informem que la base jur\u00eddica del tractament de les teves dades personals \u00e9s:<\/p><ul data-start=\"1631\" data-end=\"1678\"><li data-section-id=\"e0aw1n\" data-start=\"1631\" data-end=\"1678\"><strong data-start=\"1633\" data-end=\"1678\">L\u2019obtenci\u00f3 del teu consentiment inequ\u00edvoc<\/strong><\/li><\/ul><p data-start=\"1680\" data-end=\"1853\">A m\u00e9s, \u00e9s important que s\u00e0pigues que el car\u00e0cter de les teves respostes \u00e9s voluntari, per\u00f2 el fet de no facilitar les dades pot impedir dur a terme les finalitats indicades.<\/p><hr data-start=\"1855\" data-end=\"1858\" \/><h2 data-section-id=\"1vfsrn\" data-start=\"1860\" data-end=\"1878\">5. Destinataris<\/h2><p data-start=\"1880\" data-end=\"1986\">El personal qualificat de BOOMERANG TALENT, S.L. ser\u00e0 l\u2019encarregat de gestionar les finalitats esmentades.<\/p><p data-start=\"1988\" data-end=\"2087\">Aix\u00ed mateix, no ser\u00e0 necessari transferir les teves dades a pa\u00efsos situats fora de la Uni\u00f3 Europea.<\/p><hr data-start=\"2089\" data-end=\"2092\" \/><h2 data-section-id=\"cfc895\" data-start=\"2094\" data-end=\"2105\">6. Drets<\/h2><p data-start=\"2107\" data-end=\"2192\">Com a titular de les dades tractades per BOOMERANG TALENT, S.L., tens dret a exercir:<\/p><ul data-start=\"2194\" data-end=\"2394\"><li data-section-id=\"1ezeelv\" data-start=\"2194\" data-end=\"2203\">Acc\u00e9s<\/li><li data-section-id=\"1ii3qwl\" data-start=\"2204\" data-end=\"2220\">Rectificaci\u00f3<\/li><li data-section-id=\"1wes89n\" data-start=\"2221\" data-end=\"2233\">Oposici\u00f3<\/li><li data-section-id=\"112ijtf\" data-start=\"2234\" data-end=\"2247\">Supressi\u00f3<\/li><li data-section-id=\"mm5jcb\" data-start=\"2248\" data-end=\"2276\">Limitaci\u00f3 del tractament<\/li><li data-section-id=\"20tjrz\" data-start=\"2277\" data-end=\"2293\">Portabilitat<\/li><li data-section-id=\"1sp4ldg\" data-start=\"2294\" data-end=\"2394\">No ser objecte de decisions individualitzades basades exclusivament en tractaments automatitzats<\/li><\/ul><p data-start=\"2396\" data-end=\"2448\">Pots exercir aquests drets mitjan\u00e7ant comunicaci\u00f3 a:<\/p><p data-start=\"2450\" data-end=\"2557\"><strong data-start=\"2450\" data-end=\"2472\">Correu electr\u00f2nic:<\/strong> <a class=\"decorated-link cursor-pointer\" rel=\"noopener\" data-start=\"2473\" data-end=\"2496\">atencion@beboomerang.es<\/a><br data-start=\"2496\" data-end=\"2499\" \/><strong data-start=\"2499\" data-end=\"2517\">Adre\u00e7a postal:<\/strong> Aribau 205, Planta 5, 08006 Barcelona<\/p><p data-start=\"2559\" data-end=\"2700\">A m\u00e9s, encara que hagis donat el teu consentiment, pots retirar-lo en qualsevol moment mitjan\u00e7ant una sol\u00b7licitud enviada a aquestes adreces.<\/p><p data-start=\"2702\" data-end=\"2867\" data-is-last-node=\"\" data-is-only-node=\"\">Finalment, tens dret a presentar una reclamaci\u00f3 davant l\u2019<strong data-start=\"2759\" data-end=\"2802\">Ag\u00e8ncia Espanyola de Protecci\u00f3 de Dades<\/strong>, autoritat competent en mat\u00e8ria de protecci\u00f3 de dades a Espanya.<\/p>\t\t\t\t\t\t\t\t<\/div>\n\t\t\t\t\t<\/div>\n\t\t\t\t<\/div>\n\t\t\t\t<\/div>\n\t\t","protected":false},"excerpt":{"rendered":"<p>BOOMERANG TALENT, S.L. es compromet a salvaguardar la teva privacitat. Contacta\u2019ns a atencion@beboomerang.es si tens qualsevol pregunta o problema sobre l\u2019\u00fas de les teves Dades Personals i estarem encantats d\u2019atendre\u2019t. En utilitzar aquest lloc i\/o els nostres serveis, consents el tractament de les teves Dades Personals descrit a continuaci\u00f3. Taula de continguts Informaci\u00f3FinalitatsConservaci\u00f3Legitimaci\u00f3DestinatarisDrets 1. Informaci\u00f3 [&hellip;]<\/p>\n","protected":false},"author":1,"featured_media":0,"parent":0,"menu_order":0,"comment_status":"closed","ping_status":"closed","template":"","meta":{"_acf_changed":false,"footnotes":""},"class_list":["post-3504","page","type-page","status-publish","hentry"],"acf":[],"yoast_head":"<!-- This site is optimized with the Yoast SEO plugin v27.5 - https:\/\/yoast.com\/product\/yoast-seo-wordpress\/ -->\n<title>Pol\u00edtica de privacidad - Boomerang Intelligence<\/title>\n<meta name=\"robots\" content=\"index, follow, max-snippet:-1, max-image-preview:large, max-video-preview:-1\" \/>\n<link rel=\"canonical\" href=\"https:\/\/www.boomerang-intelligence.com\/ca\/politica-privacidad\/\" \/>\n<meta property=\"og:locale\" content=\"ca_ES\" \/>\n<meta property=\"og:type\" content=\"article\" \/>\n<meta property=\"og:title\" content=\"Pol\u00edtica de privacidad - Boomerang Intelligence\" \/>\n<meta property=\"og:description\" content=\"BOOMERANG TALENT, S.L. es compromet a salvaguardar la teva privacitat. Contacta\u2019ns a atencion@beboomerang.es si tens qualsevol pregunta o problema sobre l\u2019\u00fas de les teves Dades Personals i estarem encantats d\u2019atendre\u2019t. En utilitzar aquest lloc i\/o els nostres serveis, consents el tractament de les teves Dades Personals descrit a continuaci\u00f3. Taula de continguts Informaci\u00f3FinalitatsConservaci\u00f3Legitimaci\u00f3DestinatarisDrets 1. Informaci\u00f3 [&hellip;]\" \/>\n<meta property=\"og:url\" content=\"https:\/\/www.boomerang-intelligence.com\/ca\/politica-privacidad\/\" \/>\n<meta property=\"og:site_name\" content=\"Boomerang Intelligence\" \/>\n<meta property=\"article:modified_time\" content=\"2026-03-24T09:34:45+00:00\" \/>\n<meta name=\"twitter:card\" content=\"summary_large_image\" \/>\n<meta name=\"twitter:label1\" content=\"Temps estimat de lectura\" \/>\n\t<meta name=\"twitter:data1\" content=\"3 minuts\" \/>\n<script type=\"application\/ld+json\" class=\"yoast-schema-graph\">{\"@context\":\"https:\\\/\\\/schema.org\",\"@graph\":[{\"@type\":\"WebPage\",\"@id\":\"https:\\\/\\\/www.boomerang-intelligence.com\\\/ca\\\/politica-privacidad\\\/\",\"url\":\"https:\\\/\\\/www.boomerang-intelligence.com\\\/ca\\\/politica-privacidad\\\/\",\"name\":\"Pol\u00edtica de privacidad - Boomerang Intelligence\",\"isPartOf\":{\"@id\":\"https:\\\/\\\/www.boomerang-intelligence.com\\\/ca\\\/#website\"},\"datePublished\":\"2025-09-05T12:27:13+00:00\",\"dateModified\":\"2026-03-24T09:34:45+00:00\",\"breadcrumb\":{\"@id\":\"https:\\\/\\\/www.boomerang-intelligence.com\\\/ca\\\/politica-privacidad\\\/#breadcrumb\"},\"inLanguage\":\"ca\",\"potentialAction\":[{\"@type\":\"ReadAction\",\"target\":[\"https:\\\/\\\/www.boomerang-intelligence.com\\\/ca\\\/politica-privacidad\\\/\"]}]},{\"@type\":\"BreadcrumbList\",\"@id\":\"https:\\\/\\\/www.boomerang-intelligence.com\\\/ca\\\/politica-privacidad\\\/#breadcrumb\",\"itemListElement\":[{\"@type\":\"ListItem\",\"position\":1,\"name\":\"Portada\",\"item\":\"https:\\\/\\\/www.boomerang-intelligence.com\\\/ca\\\/\"},{\"@type\":\"ListItem\",\"position\":2,\"name\":\"Pol\u00edtica de privacidad\"}]},{\"@type\":\"WebSite\",\"@id\":\"https:\\\/\\\/www.boomerang-intelligence.com\\\/ca\\\/#website\",\"url\":\"https:\\\/\\\/www.boomerang-intelligence.com\\\/ca\\\/\",\"name\":\"Boomerang Intelligence\",\"description\":\"\",\"publisher\":{\"@id\":\"https:\\\/\\\/www.boomerang-intelligence.com\\\/ca\\\/#organization\"},\"potentialAction\":[{\"@type\":\"SearchAction\",\"target\":{\"@type\":\"EntryPoint\",\"urlTemplate\":\"https:\\\/\\\/www.boomerang-intelligence.com\\\/ca\\\/?s={search_term_string}\"},\"query-input\":{\"@type\":\"PropertyValueSpecification\",\"valueRequired\":true,\"valueName\":\"search_term_string\"}}],\"inLanguage\":\"ca\"},{\"@type\":\"Organization\",\"@id\":\"https:\\\/\\\/www.boomerang-intelligence.com\\\/ca\\\/#organization\",\"name\":\"Boomerang Intelligence\",\"url\":\"https:\\\/\\\/www.boomerang-intelligence.com\\\/ca\\\/\",\"logo\":{\"@type\":\"ImageObject\",\"inLanguage\":\"ca\",\"@id\":\"https:\\\/\\\/www.boomerang-intelligence.com\\\/ca\\\/#\\\/schema\\\/logo\\\/image\\\/\",\"url\":\"https:\\\/\\\/www.boomerang-intelligence.com\\\/wp-content\\\/uploads\\\/2025\\\/09\\\/logo_boomerang_intelligence.png\",\"contentUrl\":\"https:\\\/\\\/www.boomerang-intelligence.com\\\/wp-content\\\/uploads\\\/2025\\\/09\\\/logo_boomerang_intelligence.png\",\"width\":504,\"height\":130,\"caption\":\"Boomerang Intelligence\"},\"image\":{\"@id\":\"https:\\\/\\\/www.boomerang-intelligence.com\\\/ca\\\/#\\\/schema\\\/logo\\\/image\\\/\"}}]}<\/script>\n<!-- \/ Yoast SEO plugin. -->","yoast_head_json":{"title":"Pol\u00edtica de privacidad - Boomerang Intelligence","robots":{"index":"index","follow":"follow","max-snippet":"max-snippet:-1","max-image-preview":"max-image-preview:large","max-video-preview":"max-video-preview:-1"},"canonical":"https:\/\/www.boomerang-intelligence.com\/ca\/politica-privacidad\/","og_locale":"ca_ES","og_type":"article","og_title":"Pol\u00edtica de privacidad - Boomerang Intelligence","og_description":"BOOMERANG TALENT, S.L. es compromet a salvaguardar la teva privacitat. Contacta\u2019ns a atencion@beboomerang.es si tens qualsevol pregunta o problema sobre l\u2019\u00fas de les teves Dades Personals i estarem encantats d\u2019atendre\u2019t. En utilitzar aquest lloc i\/o els nostres serveis, consents el tractament de les teves Dades Personals descrit a continuaci\u00f3. Taula de continguts Informaci\u00f3FinalitatsConservaci\u00f3Legitimaci\u00f3DestinatarisDrets 1. Informaci\u00f3 [&hellip;]","og_url":"https:\/\/www.boomerang-intelligence.com\/ca\/politica-privacidad\/","og_site_name":"Boomerang Intelligence","article_modified_time":"2026-03-24T09:34:45+00:00","twitter_card":"summary_large_image","twitter_misc":{"Temps estimat de lectura":"3 minuts"},"schema":{"@context":"https:\/\/schema.org","@graph":[{"@type":"WebPage","@id":"https:\/\/www.boomerang-intelligence.com\/ca\/politica-privacidad\/","url":"https:\/\/www.boomerang-intelligence.com\/ca\/politica-privacidad\/","name":"Pol\u00edtica de privacidad - Boomerang Intelligence","isPartOf":{"@id":"https:\/\/www.boomerang-intelligence.com\/ca\/#website"},"datePublished":"2025-09-05T12:27:13+00:00","dateModified":"2026-03-24T09:34:45+00:00","breadcrumb":{"@id":"https:\/\/www.boomerang-intelligence.com\/ca\/politica-privacidad\/#breadcrumb"},"inLanguage":"ca","potentialAction":[{"@type":"ReadAction","target":["https:\/\/www.boomerang-intelligence.com\/ca\/politica-privacidad\/"]}]},{"@type":"BreadcrumbList","@id":"https:\/\/www.boomerang-intelligence.com\/ca\/politica-privacidad\/#breadcrumb","itemListElement":[{"@type":"ListItem","position":1,"name":"Portada","item":"https:\/\/www.boomerang-intelligence.com\/ca\/"},{"@type":"ListItem","position":2,"name":"Pol\u00edtica de privacidad"}]},{"@type":"WebSite","@id":"https:\/\/www.boomerang-intelligence.com\/ca\/#website","url":"https:\/\/www.boomerang-intelligence.com\/ca\/","name":"Boomerang Intelligence","description":"","publisher":{"@id":"https:\/\/www.boomerang-intelligence.com\/ca\/#organization"},"potentialAction":[{"@type":"SearchAction","target":{"@type":"EntryPoint","urlTemplate":"https:\/\/www.boomerang-intelligence.com\/ca\/?s={search_term_string}"},"query-input":{"@type":"PropertyValueSpecification","valueRequired":true,"valueName":"search_term_string"}}],"inLanguage":"ca"},{"@type":"Organization","@id":"https:\/\/www.boomerang-intelligence.com\/ca\/#organization","name":"Boomerang Intelligence","url":"https:\/\/www.boomerang-intelligence.com\/ca\/","logo":{"@type":"ImageObject","inLanguage":"ca","@id":"https:\/\/www.boomerang-intelligence.com\/ca\/#\/schema\/logo\/image\/","url":"https:\/\/www.boomerang-intelligence.com\/wp-content\/uploads\/2025\/09\/logo_boomerang_intelligence.png","contentUrl":"https:\/\/www.boomerang-intelligence.com\/wp-content\/uploads\/2025\/09\/logo_boomerang_intelligence.png","width":504,"height":130,"caption":"Boomerang Intelligence"},"image":{"@id":"https:\/\/www.boomerang-intelligence.com\/ca\/#\/schema\/logo\/image\/"}}]}},"_links":{"self":[{"href":"https:\/\/www.boomerang-intelligence.com\/ca\/wp-json\/wp\/v2\/pages\/3504","targetHints":{"allow":["GET"]}}],"collection":[{"href":"https:\/\/www.boomerang-intelligence.com\/ca\/wp-json\/wp\/v2\/pages"}],"about":[{"href":"https:\/\/www.boomerang-intelligence.com\/ca\/wp-json\/wp\/v2\/types\/page"}],"author":[{"embeddable":true,"href":"https:\/\/www.boomerang-intelligence.com\/ca\/wp-json\/wp\/v2\/users\/1"}],"replies":[{"embeddable":true,"href":"https:\/\/www.boomerang-intelligence.com\/ca\/wp-json\/wp\/v2\/comments?post=3504"}],"version-history":[{"count":3,"href":"https:\/\/www.boomerang-intelligence.com\/ca\/wp-json\/wp\/v2\/pages\/3504\/revisions"}],"predecessor-version":[{"id":3800,"href":"https:\/\/www.boomerang-intelligence.com\/ca\/wp-json\/wp\/v2\/pages\/3504\/revisions\/3800"}],"wp:attachment":[{"href":"https:\/\/www.boomerang-intelligence.com\/ca\/wp-json\/wp\/v2\/media?parent=3504"}],"curies":[{"name":"wp","href":"https:\/\/api.w.org\/{rel}","templated":true}]}}