{"id":3503,"date":"2025-09-09T14:29:54","date_gmt":"2025-09-09T12:29:54","guid":{"rendered":"https:\/\/www.boomerang-intelligence.com\/politica-de-cookies\/"},"modified":"2026-03-24T10:33:04","modified_gmt":"2026-03-24T09:33:04","slug":"politica-de-cookies","status":"publish","type":"page","link":"https:\/\/www.boomerang-intelligence.com\/ca\/politica-de-cookies\/","title":{"rendered":"Pol\u00edtica de cookies"},"content":{"rendered":"\t\t<div data-elementor-type=\"wp-page\" data-elementor-id=\"3503\" class=\"elementor elementor-3503 elementor-593\" data-elementor-post-type=\"page\">\n\t\t\t\t<div class=\"elementor-element elementor-element-8942ef4 e-flex e-con-boxed e-con e-parent\" data-id=\"8942ef4\" data-element_type=\"container\" data-e-type=\"container\" data-settings=\"{&quot;background_background&quot;:&quot;classic&quot;}\">\n\t\t\t\t\t<div class=\"e-con-inner\">\n\t\t\t\t<div class=\"elementor-element elementor-element-937b25e elementor-widget elementor-widget-heading\" data-id=\"937b25e\" data-element_type=\"widget\" data-e-type=\"widget\" data-widget_type=\"heading.default\">\n\t\t\t\t\t<h1 class=\"elementor-heading-title elementor-size-default\">Pol\u00edtica de cookies<\/h1>\t\t\t\t<\/div>\n\t\t\t\t\t<\/div>\n\t\t\t\t<\/div>\n\t\t<div class=\"elementor-element elementor-element-7b69307 e-flex e-con-boxed e-con e-parent\" data-id=\"7b69307\" data-element_type=\"container\" data-e-type=\"container\">\n\t\t\t\t\t<div class=\"e-con-inner\">\n\t\t\t\t<div class=\"elementor-element elementor-element-08f7650 cms elementor-widget elementor-widget-text-editor\" data-id=\"08f7650\" data-element_type=\"widget\" data-e-type=\"widget\" data-widget_type=\"text-editor.default\">\n\t\t\t\t\t\t\t\t\t<p data-start=\"0\" data-end=\"156\">Igual que altres llocs web, <strong data-start=\"28\" data-end=\"62\"><a class=\"decorated-link\" href=\"http:\/\/www.boomerang-intelligence.com\" target=\"_new\" rel=\"noopener\" data-start=\"30\" data-end=\"60\">www.boomerang-intelligence.com<\/a><\/strong> utilitza una tecnologia anomenada \u201ccookies\u201d per recopilar informaci\u00f3 sobre l\u2019\u00fas del lloc web.<\/p><p data-start=\"158\" data-end=\"296\">L\u2019article 22.2 de la Llei 34\/2002, d\u201911 de juliol, de serveis de la societat de la informaci\u00f3 i de comer\u00e7 electr\u00f2nic (LSSI) estableix que:<\/p><p data-start=\"298\" data-end=\"735\">Els prestadors de serveis poden utilitzar dispositius d\u2019emmagatzematge i recuperaci\u00f3 de dades en equips terminals dels destinataris, sempre que aquests hagin donat el seu consentiment despr\u00e9s d\u2019haver rebut informaci\u00f3 clara i completa sobre el seu \u00fas, especialment sobre les finalitats del tractament de les dades, d\u2019acord amb el que disposa el Reglament (UE) 2016\/679, de 27 d\u2019abril de 2016, de Protecci\u00f3 de Dades de Car\u00e0cter Personal.<\/p><p data-start=\"737\" data-end=\"1094\">Quan sigui t\u00e8cnicament possible i efica\u00e7, el consentiment del destinatari per acceptar el tractament de les dades es podr\u00e0 facilitar mitjan\u00e7ant l\u2019\u00fas dels par\u00e0metres adequats del navegador o d\u2019altres aplicacions, sempre que aquest hagi de procedir a la seva configuraci\u00f3 durant la instal\u00b7laci\u00f3 o actualitzaci\u00f3 mitjan\u00e7ant una acci\u00f3 expressa a aquest efecte.<\/p><p data-start=\"1096\" data-end=\"1434\">Aix\u00f2 no impedir\u00e0 el possible emmagatzematge o acc\u00e9s de car\u00e0cter t\u00e8cnic amb l\u2019\u00fanica finalitat d\u2019efectuar la transmissi\u00f3 d\u2019una comunicaci\u00f3 per una xarxa de comunicacions electr\u00f2niques o, en la mesura que sigui estrictament necessari, per a la prestaci\u00f3 d\u2019un servei de la societat de la informaci\u00f3 expressament sol\u00b7licitat pel destinatari.<\/p><p data-start=\"1436\" data-end=\"1723\">Aquest article es refereix a l\u2019\u00fas de cookies i tecnologies similars utilitzades pels prestadors de serveis de la societat de la informaci\u00f3 per emmagatzemar i recuperar dades d\u2019un terminal (ordinador, tel\u00e8fon m\u00f2bil o tauleta) d\u2019una persona f\u00edsica o jur\u00eddica que accedeix als seus serveis.<\/p><hr data-start=\"1725\" data-end=\"1728\" \/><h2 data-section-id=\"1pn3y3x\" data-start=\"1730\" data-end=\"1752\">Taula de continguts<\/h2><p data-start=\"1753\" data-end=\"1886\">Qu\u00e8 s\u00f3n les cookies i per a qu\u00e8 s\u2019utilitzen?<br data-start=\"1797\" data-end=\"1800\" \/>Quines cookies utilitza aquest lloc?<br data-start=\"1836\" data-end=\"1839\" \/>Consentiment<br data-start=\"1851\" data-end=\"1854\" \/>Com desinstal\u00b7lar les cookies?<\/p><hr data-start=\"1888\" data-end=\"1891\" \/><h2 data-section-id=\"bgj378\" data-start=\"1893\" data-end=\"1940\">Qu\u00e8 s\u00f3n les cookies i per a qu\u00e8 s\u2019utilitzen?<\/h2><p data-start=\"1941\" data-end=\"2285\">Les cookies s\u00f3n un conjunt de dades que un servidor diposita al navegador de l\u2019usuari i que pot sol\u00b7licitar posteriorment per recon\u00e8ixer-lo al llarg de diverses visites. \u00c9s a dir, es tracta d\u2019un petit arxiu de text que queda emmagatzemat al disc dur de l\u2019ordinador i que serveix per identificar l\u2019usuari quan es connecta novament al lloc web.<\/p><p data-start=\"2287\" data-end=\"2598\">El seu objectiu \u00e9s registrar la visita de l\u2019usuari i guardar certa informaci\u00f3, com ara emmagatzemar i recuperar informaci\u00f3 sobre els h\u00e0bits de navegaci\u00f3 de l\u2019usuari o del seu equip i, en funci\u00f3 de la informaci\u00f3 que continguin i de la manera com utilitzi el seu equip, poden utilitzar-se per recon\u00e8ixer l\u2019usuari.<\/p><h3 data-section-id=\"1vav0fv\" data-start=\"2600\" data-end=\"2620\">Tipus de cookies<\/h3><p data-start=\"2622\" data-end=\"2649\"><strong data-start=\"2622\" data-end=\"2647\">Segons el seu origen:<\/strong><\/p><ul data-start=\"2650\" data-end=\"2880\"><li data-section-id=\"6d2fnc\" data-start=\"2650\" data-end=\"2729\"><strong data-start=\"2652\" data-end=\"2664\">Pr\u00f2pies:<\/strong> s\u00f3n cookies generades pel mateix lloc web que s\u2019est\u00e0 visitant.<\/li><li data-section-id=\"bq0v08\" data-start=\"2730\" data-end=\"2880\"><strong data-start=\"2732\" data-end=\"2747\">De tercers:<\/strong> s\u00f3n cookies que es reben en navegar per aquest lloc web, per\u00f2 que han estat generades per un servei de tercers allotjat en aquest.<\/li><\/ul><p data-start=\"2882\" data-end=\"2919\"><strong data-start=\"2882\" data-end=\"2917\">Segons el temps de perman\u00e8ncia:<\/strong><\/p><ul data-start=\"2920\" data-end=\"3223\"><li data-section-id=\"ssanh1\" data-start=\"2920\" data-end=\"3067\"><strong data-start=\"2922\" data-end=\"2944\">Cookies de sessi\u00f3:<\/strong> dissenyades per recopilar i emmagatzemar dades mentre l\u2019usuari accedeix a una p\u00e0gina web; no queden registrades al disc.<\/li><li data-section-id=\"9b1507\" data-start=\"3068\" data-end=\"3223\"><strong data-start=\"3070\" data-end=\"3094\">Cookies persistents:<\/strong> les dades s\u2019emmagatzemen al terminal i poden ser accedides i tractades durant un per\u00edode definit pel responsable de la cookie.<\/li><\/ul><p data-start=\"3225\" data-end=\"3256\"><strong data-start=\"3225\" data-end=\"3254\">Segons la seva finalitat:<\/strong><\/p><ul data-start=\"3257\" data-end=\"3698\"><li data-section-id=\"hmwr9u\" data-start=\"3257\" data-end=\"3371\"><strong data-start=\"3259\" data-end=\"3273\">T\u00e8cniques:<\/strong> imprescindibles per al funcionament del lloc web (tamb\u00e9 anomenades \u201cestrictament necess\u00e0ries\u201d).<\/li><li data-section-id=\"r9h77m\" data-start=\"3372\" data-end=\"3466\"><strong data-start=\"3374\" data-end=\"3394\">Personalitzaci\u00f3:<\/strong> permeten configurar aspectes com l\u2019idioma o la configuraci\u00f3 regional.<\/li><li data-section-id=\"1f30b08\" data-start=\"3467\" data-end=\"3544\"><strong data-start=\"3469\" data-end=\"3493\">An\u00e0lisi o rendiment:<\/strong> permeten mesurar l\u2019\u00fas del web de manera an\u00f2nima.<\/li><li data-section-id=\"u2d0li\" data-start=\"3545\" data-end=\"3614\"><strong data-start=\"3547\" data-end=\"3562\">Publicitat:<\/strong> permeten gestionar l\u2019efici\u00e8ncia de la publicitat.<\/li><li data-section-id=\"7s30jn\" data-start=\"3615\" data-end=\"3698\"><strong data-start=\"3617\" data-end=\"3647\">Publicitat comportamental:<\/strong> basades en els h\u00e0bits de navegaci\u00f3 dels usuaris.<\/li><\/ul><hr data-start=\"3700\" data-end=\"3703\" \/><h2 data-section-id=\"pod6up\" data-start=\"3705\" data-end=\"3744\">Quines cookies utilitza aquest lloc?<\/h2><p data-start=\"3746\" data-end=\"3825\"><strong data-start=\"3746\" data-end=\"3768\">Cookies t\u00e8cniques:<\/strong> permeten la navegaci\u00f3 i la identificaci\u00f3 de la sessi\u00f3.<\/p><p data-start=\"3827\" data-end=\"3945\"><strong data-start=\"3827\" data-end=\"3858\">Cookies de personalitzaci\u00f3:<\/strong> permeten accedir al web amb caracter\u00edstiques predefinides (idioma, navegador, etc.).<\/p><p data-start=\"3947\" data-end=\"4054\"><strong data-start=\"3947\" data-end=\"3969\">Cookies d\u2019an\u00e0lisi:<\/strong> permeten quantificar el nombre d\u2019usuaris i analitzar estad\u00edsticament l\u2019\u00fas del web.<\/p><p data-start=\"4056\" data-end=\"4480\">En particular, aquest lloc web utilitza <strong data-start=\"4096\" data-end=\"4116\">Google Analytics<\/strong>, un servei anal\u00edtic prestat per Google, Inc. (1600 Amphitheatre Parkway, Mountain View, California 94043, EUA). Aquest servei utilitza cookies que recopilen informaci\u00f3 (inclosa la IP), que ser\u00e0 tractada i emmagatzemada per Google segons les seves condicions, incloent-hi la possible transmissi\u00f3 a tercers per obligaci\u00f3 legal o per tractament per compte de Google.<\/p><hr data-start=\"4482\" data-end=\"4485\" \/><h2 data-section-id=\"12i6jc2\" data-start=\"4487\" data-end=\"4509\">Cookies utilitzades<\/h2><h3 data-section-id=\"114zsc9\" data-start=\"4511\" data-end=\"4522\">Pr\u00f2pies<\/h3><ul data-start=\"4523\" data-end=\"4755\"><li data-section-id=\"1gbojes\" data-start=\"4523\" data-end=\"4591\"><strong data-start=\"4525\" data-end=\"4532\">_ga<\/strong><br data-start=\"4532\" data-end=\"4535\" \/>Finalitat: identificar usuaris<br data-start=\"4567\" data-end=\"4570\" \/>Caducitat: 2 anys<\/li><li data-section-id=\"udtk7u\" data-start=\"4593\" data-end=\"4664\"><strong data-start=\"4595\" data-end=\"4603\">_gid<\/strong><br data-start=\"4603\" data-end=\"4606\" \/>Finalitat: identificar usuaris<br data-start=\"4638\" data-end=\"4641\" \/>Caducitat: 24 hores<\/li><li data-section-id=\"10oikfz\" data-start=\"4666\" data-end=\"4755\"><strong data-start=\"4668\" data-end=\"4676\">_gat<\/strong><br data-start=\"4676\" data-end=\"4679\" \/>Finalitat: limitar el percentatge de sol\u00b7licituds<br data-start=\"4730\" data-end=\"4733\" \/>Caducitat: 1 minut<\/li><\/ul><h3 data-section-id=\"w6zogz\" data-start=\"4757\" data-end=\"4771\">De tercers<\/h3><ul data-start=\"4772\" data-end=\"4969\"><li data-section-id=\"1r7cyrt\" data-start=\"4772\" data-end=\"4863\"><strong data-start=\"4774\" data-end=\"4784\">1P_JAR<\/strong> (.gstatic.com)<br data-start=\"4799\" data-end=\"4802\" \/>Finalitat: transferir dades a Google<br data-start=\"4840\" data-end=\"4843\" \/>Caducitat: 1 mes<\/li><li data-section-id=\"dmalq2\" data-start=\"4865\" data-end=\"4969\"><strong data-start=\"4867\" data-end=\"4878\">CONSENT<\/strong> (.gstatic.com)<br data-start=\"4893\" data-end=\"4896\" \/>Finalitat: gestionar l\u2019acceptaci\u00f3 de cookies<br data-start=\"4942\" data-end=\"4945\" \/>Caducitat: permanent<\/li><\/ul><hr data-start=\"4971\" data-end=\"4974\" \/><h2 data-section-id=\"tbromo\" data-start=\"4976\" data-end=\"4991\">Consentiment<\/h2><p data-start=\"4992\" data-end=\"5174\">T\u2019informem que podem utilitzar cookies al teu equip sempre que hagis donat el teu consentiment, excepte en els casos en qu\u00e8 siguin necess\u00e0ries per a la navegaci\u00f3 pel nostre lloc web.<\/p><p data-start=\"5176\" data-end=\"5356\">Si dones el teu consentiment, podrem utilitzar cookies que ens permetran obtenir m\u00e9s informaci\u00f3 sobre les teves prefer\u00e8ncies i personalitzar el lloc web segons els teus interessos.<\/p><hr data-start=\"5358\" data-end=\"5361\" \/><h2 data-section-id=\"1yeidz5\" data-start=\"5363\" data-end=\"5396\">Com desinstal\u00b7lar les cookies?<\/h2><p data-start=\"5397\" data-end=\"5620\">L\u2019usuari pot configurar el seu navegador per rebre avisos sobre la recepci\u00f3 de cookies i impedir-ne la instal\u00b7laci\u00f3. Els principals navegadors ofereixen opcions de bloqueig i eliminaci\u00f3, tot i que el procediment pot variar.<\/p><p data-start=\"5622\" data-end=\"5720\">Per desinstal\u00b7lar les cookies, es recomana consultar les instruccions del fabricant del navegador:<\/p><ul data-start=\"5722\" data-end=\"5840\"><li data-section-id=\"1v7lk8y\" data-start=\"5722\" data-end=\"5749\">Explorer: microsoft.com<\/li><li data-section-id=\"k891zz\" data-start=\"5750\" data-end=\"5774\">Firefox: mozilla.org<\/li><li data-section-id=\"o8snze\" data-start=\"5775\" data-end=\"5797\">Chrome: google.com<\/li><li data-section-id=\"4ngku3\" data-start=\"5798\" data-end=\"5819\">Safari: apple.com<\/li><li data-section-id=\"1f09ihp\" data-start=\"5820\" data-end=\"5840\">Opera: opera.com<\/li><\/ul><p data-start=\"5842\" data-end=\"5926\">En dispositius m\u00f2bils, aquestes opcions solen trobar-se a l\u2019apartat de configuraci\u00f3.<\/p><p data-start=\"5928\" data-end=\"6077\" data-is-last-node=\"\" data-is-only-node=\"\">Cal tenir en compte que, si es rebutgen les cookies, no es podran mantenir les prefer\u00e8ncies de l\u2019usuari i algunes p\u00e0gines poden no estar disponibles.<\/p>\t\t\t\t\t\t\t\t<\/div>\n\t\t\t\t\t<\/div>\n\t\t\t\t<\/div>\n\t\t\t\t<\/div>\n\t\t","protected":false},"excerpt":{"rendered":"<p>Igual que altres llocs web, www.boomerang-intelligence.com utilitza una tecnologia anomenada \u201ccookies\u201d per recopilar informaci\u00f3 sobre l\u2019\u00fas del lloc web. L\u2019article 22.2 de la Llei 34\/2002, d\u201911 de juliol, de serveis de la societat de la informaci\u00f3 i de comer\u00e7 electr\u00f2nic (LSSI) estableix que: Els prestadors de serveis poden utilitzar dispositius d\u2019emmagatzematge i recuperaci\u00f3 de dades [&hellip;]<\/p>\n","protected":false},"author":2,"featured_media":0,"parent":0,"menu_order":0,"comment_status":"closed","ping_status":"closed","template":"","meta":{"_acf_changed":false,"footnotes":""},"class_list":["post-3503","page","type-page","status-publish","hentry"],"acf":[],"yoast_head":"<!-- This site is optimized with the Yoast SEO plugin v27.5 - https:\/\/yoast.com\/product\/yoast-seo-wordpress\/ -->\n<title>Pol\u00edtica de cookies - Boomerang Intelligence<\/title>\n<meta name=\"robots\" content=\"index, follow, max-snippet:-1, max-image-preview:large, max-video-preview:-1\" \/>\n<link rel=\"canonical\" href=\"https:\/\/www.boomerang-intelligence.com\/ca\/politica-de-cookies\/\" \/>\n<meta property=\"og:locale\" content=\"ca_ES\" \/>\n<meta property=\"og:type\" content=\"article\" \/>\n<meta property=\"og:title\" content=\"Pol\u00edtica de cookies - Boomerang Intelligence\" \/>\n<meta property=\"og:description\" content=\"Igual que altres llocs web, www.boomerang-intelligence.com utilitza una tecnologia anomenada \u201ccookies\u201d per recopilar informaci\u00f3 sobre l\u2019\u00fas del lloc web. L\u2019article 22.2 de la Llei 34\/2002, d\u201911 de juliol, de serveis de la societat de la informaci\u00f3 i de comer\u00e7 electr\u00f2nic (LSSI) estableix que: Els prestadors de serveis poden utilitzar dispositius d\u2019emmagatzematge i recuperaci\u00f3 de dades [&hellip;]\" \/>\n<meta property=\"og:url\" content=\"https:\/\/www.boomerang-intelligence.com\/ca\/politica-de-cookies\/\" \/>\n<meta property=\"og:site_name\" content=\"Boomerang Intelligence\" \/>\n<meta property=\"article:modified_time\" content=\"2026-03-24T09:33:04+00:00\" \/>\n<meta name=\"twitter:card\" content=\"summary_large_image\" \/>\n<meta name=\"twitter:label1\" content=\"Temps estimat de lectura\" \/>\n\t<meta name=\"twitter:data1\" content=\"5 minuts\" \/>\n<script type=\"application\/ld+json\" class=\"yoast-schema-graph\">{\"@context\":\"https:\\\/\\\/schema.org\",\"@graph\":[{\"@type\":\"WebPage\",\"@id\":\"https:\\\/\\\/www.boomerang-intelligence.com\\\/ca\\\/politica-de-cookies\\\/\",\"url\":\"https:\\\/\\\/www.boomerang-intelligence.com\\\/ca\\\/politica-de-cookies\\\/\",\"name\":\"Pol\u00edtica de cookies - Boomerang Intelligence\",\"isPartOf\":{\"@id\":\"https:\\\/\\\/www.boomerang-intelligence.com\\\/ca\\\/#website\"},\"datePublished\":\"2025-09-09T12:29:54+00:00\",\"dateModified\":\"2026-03-24T09:33:04+00:00\",\"breadcrumb\":{\"@id\":\"https:\\\/\\\/www.boomerang-intelligence.com\\\/ca\\\/politica-de-cookies\\\/#breadcrumb\"},\"inLanguage\":\"ca\",\"potentialAction\":[{\"@type\":\"ReadAction\",\"target\":[\"https:\\\/\\\/www.boomerang-intelligence.com\\\/ca\\\/politica-de-cookies\\\/\"]}]},{\"@type\":\"BreadcrumbList\",\"@id\":\"https:\\\/\\\/www.boomerang-intelligence.com\\\/ca\\\/politica-de-cookies\\\/#breadcrumb\",\"itemListElement\":[{\"@type\":\"ListItem\",\"position\":1,\"name\":\"Portada\",\"item\":\"https:\\\/\\\/www.boomerang-intelligence.com\\\/ca\\\/\"},{\"@type\":\"ListItem\",\"position\":2,\"name\":\"Pol\u00edtica de cookies\"}]},{\"@type\":\"WebSite\",\"@id\":\"https:\\\/\\\/www.boomerang-intelligence.com\\\/ca\\\/#website\",\"url\":\"https:\\\/\\\/www.boomerang-intelligence.com\\\/ca\\\/\",\"name\":\"Boomerang Intelligence\",\"description\":\"\",\"publisher\":{\"@id\":\"https:\\\/\\\/www.boomerang-intelligence.com\\\/ca\\\/#organization\"},\"potentialAction\":[{\"@type\":\"SearchAction\",\"target\":{\"@type\":\"EntryPoint\",\"urlTemplate\":\"https:\\\/\\\/www.boomerang-intelligence.com\\\/ca\\\/?s={search_term_string}\"},\"query-input\":{\"@type\":\"PropertyValueSpecification\",\"valueRequired\":true,\"valueName\":\"search_term_string\"}}],\"inLanguage\":\"ca\"},{\"@type\":\"Organization\",\"@id\":\"https:\\\/\\\/www.boomerang-intelligence.com\\\/ca\\\/#organization\",\"name\":\"Boomerang Intelligence\",\"url\":\"https:\\\/\\\/www.boomerang-intelligence.com\\\/ca\\\/\",\"logo\":{\"@type\":\"ImageObject\",\"inLanguage\":\"ca\",\"@id\":\"https:\\\/\\\/www.boomerang-intelligence.com\\\/ca\\\/#\\\/schema\\\/logo\\\/image\\\/\",\"url\":\"https:\\\/\\\/www.boomerang-intelligence.com\\\/wp-content\\\/uploads\\\/2025\\\/09\\\/logo_boomerang_intelligence.png\",\"contentUrl\":\"https:\\\/\\\/www.boomerang-intelligence.com\\\/wp-content\\\/uploads\\\/2025\\\/09\\\/logo_boomerang_intelligence.png\",\"width\":504,\"height\":130,\"caption\":\"Boomerang Intelligence\"},\"image\":{\"@id\":\"https:\\\/\\\/www.boomerang-intelligence.com\\\/ca\\\/#\\\/schema\\\/logo\\\/image\\\/\"}}]}<\/script>\n<!-- \/ Yoast SEO plugin. -->","yoast_head_json":{"title":"Pol\u00edtica de cookies - Boomerang Intelligence","robots":{"index":"index","follow":"follow","max-snippet":"max-snippet:-1","max-image-preview":"max-image-preview:large","max-video-preview":"max-video-preview:-1"},"canonical":"https:\/\/www.boomerang-intelligence.com\/ca\/politica-de-cookies\/","og_locale":"ca_ES","og_type":"article","og_title":"Pol\u00edtica de cookies - Boomerang Intelligence","og_description":"Igual que altres llocs web, www.boomerang-intelligence.com utilitza una tecnologia anomenada \u201ccookies\u201d per recopilar informaci\u00f3 sobre l\u2019\u00fas del lloc web. L\u2019article 22.2 de la Llei 34\/2002, d\u201911 de juliol, de serveis de la societat de la informaci\u00f3 i de comer\u00e7 electr\u00f2nic (LSSI) estableix que: Els prestadors de serveis poden utilitzar dispositius d\u2019emmagatzematge i recuperaci\u00f3 de dades [&hellip;]","og_url":"https:\/\/www.boomerang-intelligence.com\/ca\/politica-de-cookies\/","og_site_name":"Boomerang Intelligence","article_modified_time":"2026-03-24T09:33:04+00:00","twitter_card":"summary_large_image","twitter_misc":{"Temps estimat de lectura":"5 minuts"},"schema":{"@context":"https:\/\/schema.org","@graph":[{"@type":"WebPage","@id":"https:\/\/www.boomerang-intelligence.com\/ca\/politica-de-cookies\/","url":"https:\/\/www.boomerang-intelligence.com\/ca\/politica-de-cookies\/","name":"Pol\u00edtica de cookies - Boomerang Intelligence","isPartOf":{"@id":"https:\/\/www.boomerang-intelligence.com\/ca\/#website"},"datePublished":"2025-09-09T12:29:54+00:00","dateModified":"2026-03-24T09:33:04+00:00","breadcrumb":{"@id":"https:\/\/www.boomerang-intelligence.com\/ca\/politica-de-cookies\/#breadcrumb"},"inLanguage":"ca","potentialAction":[{"@type":"ReadAction","target":["https:\/\/www.boomerang-intelligence.com\/ca\/politica-de-cookies\/"]}]},{"@type":"BreadcrumbList","@id":"https:\/\/www.boomerang-intelligence.com\/ca\/politica-de-cookies\/#breadcrumb","itemListElement":[{"@type":"ListItem","position":1,"name":"Portada","item":"https:\/\/www.boomerang-intelligence.com\/ca\/"},{"@type":"ListItem","position":2,"name":"Pol\u00edtica de cookies"}]},{"@type":"WebSite","@id":"https:\/\/www.boomerang-intelligence.com\/ca\/#website","url":"https:\/\/www.boomerang-intelligence.com\/ca\/","name":"Boomerang Intelligence","description":"","publisher":{"@id":"https:\/\/www.boomerang-intelligence.com\/ca\/#organization"},"potentialAction":[{"@type":"SearchAction","target":{"@type":"EntryPoint","urlTemplate":"https:\/\/www.boomerang-intelligence.com\/ca\/?s={search_term_string}"},"query-input":{"@type":"PropertyValueSpecification","valueRequired":true,"valueName":"search_term_string"}}],"inLanguage":"ca"},{"@type":"Organization","@id":"https:\/\/www.boomerang-intelligence.com\/ca\/#organization","name":"Boomerang Intelligence","url":"https:\/\/www.boomerang-intelligence.com\/ca\/","logo":{"@type":"ImageObject","inLanguage":"ca","@id":"https:\/\/www.boomerang-intelligence.com\/ca\/#\/schema\/logo\/image\/","url":"https:\/\/www.boomerang-intelligence.com\/wp-content\/uploads\/2025\/09\/logo_boomerang_intelligence.png","contentUrl":"https:\/\/www.boomerang-intelligence.com\/wp-content\/uploads\/2025\/09\/logo_boomerang_intelligence.png","width":504,"height":130,"caption":"Boomerang Intelligence"},"image":{"@id":"https:\/\/www.boomerang-intelligence.com\/ca\/#\/schema\/logo\/image\/"}}]}},"_links":{"self":[{"href":"https:\/\/www.boomerang-intelligence.com\/ca\/wp-json\/wp\/v2\/pages\/3503","targetHints":{"allow":["GET"]}}],"collection":[{"href":"https:\/\/www.boomerang-intelligence.com\/ca\/wp-json\/wp\/v2\/pages"}],"about":[{"href":"https:\/\/www.boomerang-intelligence.com\/ca\/wp-json\/wp\/v2\/types\/page"}],"author":[{"embeddable":true,"href":"https:\/\/www.boomerang-intelligence.com\/ca\/wp-json\/wp\/v2\/users\/2"}],"replies":[{"embeddable":true,"href":"https:\/\/www.boomerang-intelligence.com\/ca\/wp-json\/wp\/v2\/comments?post=3503"}],"version-history":[{"count":3,"href":"https:\/\/www.boomerang-intelligence.com\/ca\/wp-json\/wp\/v2\/pages\/3503\/revisions"}],"predecessor-version":[{"id":3797,"href":"https:\/\/www.boomerang-intelligence.com\/ca\/wp-json\/wp\/v2\/pages\/3503\/revisions\/3797"}],"wp:attachment":[{"href":"https:\/\/www.boomerang-intelligence.com\/ca\/wp-json\/wp\/v2\/media?parent=3503"}],"curies":[{"name":"wp","href":"https:\/\/api.w.org\/{rel}","templated":true}]}}