{"id":3497,"date":"2025-09-25T07:53:07","date_gmt":"2025-09-25T05:53:07","guid":{"rendered":"https:\/\/www.boomerang-intelligence.com\/contactar\/"},"modified":"2026-03-24T11:26:23","modified_gmt":"2026-03-24T10:26:23","slug":"contactar","status":"publish","type":"page","link":"https:\/\/www.boomerang-intelligence.com\/ca\/contactar\/","title":{"rendered":"Contactar"},"content":{"rendered":"\t\t<div data-elementor-type=\"wp-page\" data-elementor-id=\"3497\" class=\"elementor elementor-3497 elementor-1772\" data-elementor-post-type=\"page\">\n\t\t\t\t<div class=\"elementor-element elementor-element-f9fa430 e-flex e-con-boxed elementor-invisible e-con e-parent\" data-id=\"f9fa430\" data-element_type=\"container\" data-e-type=\"container\" data-settings=\"{&quot;background_background&quot;:&quot;classic&quot;,&quot;animation&quot;:&quot;fadeIn&quot;}\">\n\t\t\t\t\t<div class=\"e-con-inner\">\n\t\t<div class=\"elementor-element elementor-element-903d962 e-con-full e-flex e-con e-child\" data-id=\"903d962\" data-element_type=\"container\" data-e-type=\"container\">\n\t\t\t\t<div class=\"elementor-element elementor-element-79245e2 elementor-widget elementor-widget-heading\" data-id=\"79245e2\" data-element_type=\"widget\" data-e-type=\"widget\" data-widget_type=\"heading.default\">\n\t\t\t\t\t<h1 class=\"elementor-heading-title elementor-size-default\">Preparat\/ada per trobar el millor talent?<\/h1>\t\t\t\t<\/div>\n\t\t\t\t<div class=\"elementor-element elementor-element-97af34f elementor-widget elementor-widget-text-editor\" data-id=\"97af34f\" data-element_type=\"widget\" data-e-type=\"widget\" data-widget_type=\"text-editor.default\">\n\t\t\t\t\t\t\t\t\t<div class=\"flex flex-col text-sm pb-25\"><section class=\"text-token-text-primary w-full focus:outline-none [--shadow-height:45px] has-data-writing-block:pointer-events-none has-data-writing-block:-mt-(--shadow-height) has-data-writing-block:pt-(--shadow-height) [&amp;:has([data-writing-block])&gt;*]:pointer-events-auto scroll-mt-[calc(var(--header-height)+min(200px,max(70px,20svh)))]\" dir=\"auto\" data-turn-id=\"request-69bd4e96-8220-8327-9f57-86673e426280-2\" data-testid=\"conversation-turn-30\" data-scroll-anchor=\"true\" data-turn=\"assistant\"><div class=\"text-base my-auto mx-auto pb-10 [--thread-content-margin:var(--thread-content-margin-xs,calc(var(--spacing)*4))] @w-sm\/main:[--thread-content-margin:var(--thread-content-margin-sm,calc(var(--spacing)*6))] @w-lg\/main:[--thread-content-margin:var(--thread-content-margin-lg,calc(var(--spacing)*16))] px-(--thread-content-margin)\"><div class=\"[--thread-content-max-width:40rem] @w-lg\/main:[--thread-content-max-width:48rem] mx-auto max-w-(--thread-content-max-width) flex-1 group\/turn-messages focus-visible:outline-hidden relative flex w-full min-w-0 flex-col agent-turn\"><div class=\"flex max-w-full flex-col gap-4 grow\"><div class=\"min-h-8 text-message relative flex w-full flex-col items-end gap-2 text-start break-words whitespace-normal outline-none keyboard-focused:focus-ring [.text-message+&amp;]:mt-1\" dir=\"auto\" tabindex=\"0\" data-message-author-role=\"assistant\" data-message-id=\"b98377d5-a876-4b94-84a4-f536649ec48f\" data-message-model-slug=\"gpt-5-3\" data-turn-start-message=\"true\"><div class=\"flex w-full flex-col gap-1 empty:hidden\"><div class=\"markdown prose dark:prose-invert w-full wrap-break-word light markdown-new-styling\"><p data-start=\"0\" data-end=\"65\" data-is-last-node=\"\" data-is-only-node=\"\">Parlem de les teves necessitats de RRHH i de com et podem ajudar.<\/p><\/div><\/div><\/div><\/div><\/div><\/div><\/section><\/div>\t\t\t\t\t\t\t\t<\/div>\n\t\t\t\t<\/div>\n\t\t<div class=\"elementor-element elementor-element-322be3b e-con-full e-flex e-con e-child\" data-id=\"322be3b\" data-element_type=\"container\" data-e-type=\"container\">\n\t\t\t\t<div class=\"elementor-element elementor-element-35c4ad2 elementor-widget elementor-widget-image\" data-id=\"35c4ad2\" data-element_type=\"widget\" data-e-type=\"widget\" data-widget_type=\"image.default\">\n\t\t\t\t\t\t\t\t\t\t\t\t\t\t\t<img fetchpriority=\"high\" decoding=\"async\" width=\"800\" height=\"539\" src=\"https:\/\/www.boomerang-intelligence.com\/wp-content\/uploads\/2025\/09\/contacto.jpg\" class=\"attachment-large size-large wp-image-3498\" alt=\"\" srcset=\"https:\/\/www.boomerang-intelligence.com\/wp-content\/uploads\/2025\/09\/contacto.jpg 956w, https:\/\/www.boomerang-intelligence.com\/wp-content\/uploads\/2025\/09\/contacto-300x202.jpg 300w, https:\/\/www.boomerang-intelligence.com\/wp-content\/uploads\/2025\/09\/contacto-768x517.jpg 768w\" sizes=\"(max-width: 800px) 100vw, 800px\" \/>\t\t\t\t\t\t\t\t\t\t\t\t\t\t\t<\/div>\n\t\t\t\t<\/div>\n\t\t\t\t\t<\/div>\n\t\t\t\t<\/div>\n\t\t<div class=\"elementor-element elementor-element-a84b7a2 e-flex e-con-boxed elementor-invisible e-con e-parent\" data-id=\"a84b7a2\" data-element_type=\"container\" data-e-type=\"container\" data-settings=\"{&quot;background_background&quot;:&quot;classic&quot;,&quot;animation&quot;:&quot;fadeIn&quot;}\">\n\t\t\t\t\t<div class=\"e-con-inner\">\n\t\t<div class=\"elementor-element elementor-element-de02617 e-con-full e-flex e-con e-child\" data-id=\"de02617\" data-element_type=\"container\" data-e-type=\"container\">\n\t\t\t\t<div class=\"elementor-element elementor-element-760af60 elementor-widget__width-initial elementor-widget elementor-widget-heading\" data-id=\"760af60\" data-element_type=\"widget\" data-e-type=\"widget\" data-widget_type=\"heading.default\">\n\t\t\t\t\t<h2 class=\"elementor-heading-title elementor-size-default\">Contacta amb nosaltres<\/h2>\t\t\t\t<\/div>\n\t\t\t\t<div class=\"elementor-element elementor-element-19f08f6 elementor-widget elementor-widget-text-editor\" data-id=\"19f08f6\" data-element_type=\"widget\" data-e-type=\"widget\" data-widget_type=\"text-editor.default\">\n\t\t\t\t\t\t\t\t\t<p data-start=\"75\" data-end=\"189\">A Boomerang Intelligence som aqu\u00ed per resoldre els teus dubtes i ajudar-te a optimitzar el teu proc\u00e9s de selecci\u00f3.<\/p>\t\t\t\t\t\t\t\t<\/div>\n\t\t\t\t<div class=\"elementor-element elementor-element-24cf261 elementor-icon-list--layout-traditional elementor-list-item-link-full_width elementor-widget elementor-widget-icon-list\" data-id=\"24cf261\" data-element_type=\"widget\" data-e-type=\"widget\" data-widget_type=\"icon-list.default\">\n\t\t\t\t\t\t\t<ul class=\"elementor-icon-list-items\">\n\t\t\t\t\t\t\t<li class=\"elementor-icon-list-item\">\n\t\t\t\t\t\t\t\t\t\t\t<span class=\"elementor-icon-list-icon\">\n\t\t\t\t\t\t\t<svg xmlns=\"http:\/\/www.w3.org\/2000\/svg\" width=\"40\" height=\"40\" viewBox=\"0 0 40 40\" fill=\"none\"><path d=\"M28 14L17 25L12 20\" stroke=\"black\" stroke-width=\"2\" stroke-linecap=\"round\" stroke-linejoin=\"round\"><\/path><\/svg>\t\t\t\t\t\t<\/span>\n\t\t\t\t\t\t\t\t\t\t<span class=\"elementor-icon-list-text\">Assessorament sense comprom\u00eds<\/span>\n\t\t\t\t\t\t\t\t\t<\/li>\n\t\t\t\t\t\t\t\t<li class=\"elementor-icon-list-item\">\n\t\t\t\t\t\t\t\t\t\t\t<span class=\"elementor-icon-list-icon\">\n\t\t\t\t\t\t\t<svg xmlns=\"http:\/\/www.w3.org\/2000\/svg\" width=\"40\" height=\"40\" viewBox=\"0 0 40 40\" fill=\"none\"><path d=\"M28 14L17 25L12 20\" stroke=\"black\" stroke-width=\"2\" stroke-linecap=\"round\" stroke-linejoin=\"round\"><\/path><\/svg>\t\t\t\t\t\t<\/span>\n\t\t\t\t\t\t\t\t\t\t<span class=\"elementor-icon-list-text\">An\u00e0lisi gratu\u00efta<\/span>\n\t\t\t\t\t\t\t\t\t<\/li>\n\t\t\t\t\t\t\t\t<li class=\"elementor-icon-list-item\">\n\t\t\t\t\t\t\t\t\t\t\t<span class=\"elementor-icon-list-icon\">\n\t\t\t\t\t\t\t<svg xmlns=\"http:\/\/www.w3.org\/2000\/svg\" width=\"40\" height=\"40\" viewBox=\"0 0 40 40\" fill=\"none\"><path d=\"M28 14L17 25L12 20\" stroke=\"black\" stroke-width=\"2\" stroke-linecap=\"round\" stroke-linejoin=\"round\"><\/path><\/svg>\t\t\t\t\t\t<\/span>\n\t\t\t\t\t\t\t\t\t\t<span class=\"elementor-icon-list-text\">Acc\u00e9s a una xarxa de talent exclusiva<\/span>\n\t\t\t\t\t\t\t\t\t<\/li>\n\t\t\t\t\t\t<\/ul>\n\t\t\t\t\t\t<\/div>\n\t\t\t\t<\/div>\n\t\t<div class=\"elementor-element elementor-element-f2c5e33 e-con-full e-flex e-con e-child\" data-id=\"f2c5e33\" data-element_type=\"container\" data-e-type=\"container\">\n\t\t\t\t<div class=\"elementor-element elementor-element-017b3bd form-orange elementor-button-align-stretch elementor-widget elementor-widget-form\" data-id=\"017b3bd\" data-element_type=\"widget\" data-e-type=\"widget\" data-settings=\"{&quot;step_next_label&quot;:&quot;Siguiente&quot;,&quot;step_previous_label&quot;:&quot;Anterior&quot;,&quot;button_width&quot;:&quot;100&quot;,&quot;step_type&quot;:&quot;number_text&quot;,&quot;step_icon_shape&quot;:&quot;circle&quot;}\" data-widget_type=\"form.default\">\n\t\t\t\t\t\t\t<form class=\"elementor-form\" method=\"post\" name=\"Contacto - Contacto\" aria-label=\"Contacto - Contacto\">\n\t\t\t<input type=\"hidden\" name=\"post_id\" value=\"3497\"\/>\n\t\t\t<input type=\"hidden\" name=\"form_id\" value=\"017b3bd\"\/>\n\t\t\t<input type=\"hidden\" name=\"referer_title\" value=\"Contactar - Boomerang Intelligence\" \/>\n\n\t\t\t\t\t\t\t<input type=\"hidden\" name=\"queried_id\" value=\"3497\"\/>\n\t\t\t\n\t\t\t<div class=\"elementor-form-fields-wrapper elementor-labels-above\">\n\t\t\t\t\t\t\t\t<div class=\"elementor-field-type-text elementor-field-group elementor-column elementor-field-group-name elementor-col-100 elementor-field-required\">\n\t\t\t\t\t\t\t\t\t\t\t\t<label for=\"form-field-name\" class=\"elementor-field-label\">\n\t\t\t\t\t\t\t\tNom\t\t\t\t\t\t\t<\/label>\n\t\t\t\t\t\t\t\t\t\t\t\t\t\t<input size=\"1\" type=\"text\" name=\"form_fields[name]\" id=\"form-field-name\" class=\"elementor-field elementor-size-sm  elementor-field-textual\" required=\"required\">\n\t\t\t\t\t\t\t\t\t\t\t<\/div>\n\t\t\t\t\t\t\t\t<div class=\"elementor-field-type-text elementor-field-group elementor-column elementor-field-group-field_dd08dbe elementor-col-100 elementor-field-required\">\n\t\t\t\t\t\t\t\t\t\t\t\t<label for=\"form-field-field_dd08dbe\" class=\"elementor-field-label\">\n\t\t\t\t\t\t\t\tCognoms\t\t\t\t\t\t\t<\/label>\n\t\t\t\t\t\t\t\t\t\t\t\t\t\t<input size=\"1\" type=\"text\" name=\"form_fields[field_dd08dbe]\" id=\"form-field-field_dd08dbe\" class=\"elementor-field elementor-size-sm  elementor-field-textual\" required=\"required\">\n\t\t\t\t\t\t\t\t\t\t\t<\/div>\n\t\t\t\t\t\t\t\t<div class=\"elementor-field-type-email elementor-field-group elementor-column elementor-field-group-email elementor-col-100 elementor-field-required\">\n\t\t\t\t\t\t\t\t\t\t\t\t<label for=\"form-field-email\" class=\"elementor-field-label\">\n\t\t\t\t\t\t\t\tEmail\t\t\t\t\t\t\t<\/label>\n\t\t\t\t\t\t\t\t\t\t\t\t\t\t<input size=\"1\" type=\"email\" name=\"form_fields[email]\" id=\"form-field-email\" class=\"elementor-field elementor-size-sm  elementor-field-textual\" required=\"required\">\n\t\t\t\t\t\t\t\t\t\t\t<\/div>\n\t\t\t\t\t\t\t\t<div class=\"elementor-field-type-tel elementor-field-group elementor-column elementor-field-group-field_88a7fd8 elementor-col-100 elementor-field-required\">\n\t\t\t\t\t\t\t\t\t\t\t\t<label for=\"form-field-field_88a7fd8\" class=\"elementor-field-label\">\n\t\t\t\t\t\t\t\tTel\u00e8fon\t\t\t\t\t\t\t<\/label>\n\t\t\t\t\t\t\t\t<input size=\"1\" type=\"tel\" name=\"form_fields[field_88a7fd8]\" id=\"form-field-field_88a7fd8\" class=\"elementor-field elementor-size-sm  elementor-field-textual\" required=\"required\" pattern=\"[0-9()#&amp;+*-=.]+\" title=\"Only numbers and phone characters (#, -, *, etc) are accepted.\">\n\n\t\t\t\t\t\t<\/div>\n\t\t\t\t\t\t\t\t<div class=\"elementor-field-type-acceptance elementor-field-group elementor-column elementor-field-group-field_e36c636 elementor-col-100 elementor-field-required\">\n\t\t\t\t\t\t\t\t\t\t\t\t<label for=\"form-field-field_e36c636\" class=\"elementor-field-label\">\n\t\t\t\t\t\t\t\tGDPR\t\t\t\t\t\t\t<\/label>\n\t\t\t\t\t\t\t\t<div class=\"elementor-field-subgroup\">\n\t\t\t<span class=\"elementor-field-option\">\n\t\t\t\t<input type=\"checkbox\" name=\"form_fields[field_e36c636]\" id=\"form-field-field_e36c636\" class=\"elementor-field elementor-size-sm  elementor-acceptance-field\" required=\"required\">\n\t\t\t\t<label for=\"form-field-field_e36c636\">He llegit i accepto la <a href=\"https:\/\/www.boomerang-intelligence.com\/politica-privacidad\/\" target=\"_blank\">pol\u00edtica de privacitat<\/a>.<\/label>\t\t\t<\/span>\n\t\t<\/div>\n\t\t\t\t\t\t<\/div>\n\t\t\t\t\t\t\t\t<div class=\"elementor-field-type-recaptcha_v3 elementor-field-group elementor-column elementor-field-group-field_6ce7943 elementor-col-100 recaptcha_v3-bottomright\">\n\t\t\t\t\t<div class=\"elementor-field\" id=\"form-field-field_6ce7943\"><div class=\"elementor-g-recaptcha\" data-sitekey=\"6LfMjuArAAAAAC0-Byp1-lCmox9WJImuHbD9Y-ZB\" data-type=\"v3\" data-action=\"Form\" data-badge=\"bottomright\" data-size=\"invisible\"><\/div><\/div>\t\t\t\t<\/div>\n\t\t\t\t\t\t\t\t<div class=\"elementor-field-group elementor-column elementor-field-type-submit elementor-col-100 e-form__buttons\">\n\t\t\t\t\t<button class=\"elementor-button elementor-size-sm\" type=\"submit\">\n\t\t\t\t\t\t<span class=\"elementor-button-content-wrapper\">\n\t\t\t\t\t\t\t\t\t\t\t\t\t\t\t\t\t\t\t\t\t\t<span class=\"elementor-button-text\">Agenda la teva demo<\/span>\n\t\t\t\t\t\t\t\t\t\t\t\t\t<\/span>\n\t\t\t\t\t<\/button>\n\t\t\t\t<\/div>\n\t\t\t<\/div>\n\t\t<\/form>\n\t\t\t\t\t\t<\/div>\n\t\t\t\t<\/div>\n\t\t\t\t\t<\/div>\n\t\t\t\t<\/div>\n\t\t\t\t<\/div>\n\t\t","protected":false},"excerpt":{"rendered":"<p>Preparat\/ada per trobar el millor talent? Parlem de les teves necessitats de RRHH i de com et podem ajudar. Contacta amb nosaltres A Boomerang Intelligence som aqu\u00ed per resoldre els teus dubtes i ajudar-te a optimitzar el teu proc\u00e9s de selecci\u00f3. Assessorament sense comprom\u00eds An\u00e0lisi gratu\u00efta Acc\u00e9s a una xarxa de talent exclusiva<\/p>\n","protected":false},"author":2,"featured_media":0,"parent":0,"menu_order":0,"comment_status":"closed","ping_status":"closed","template":"","meta":{"_acf_changed":false,"footnotes":""},"class_list":["post-3497","page","type-page","status-publish","hentry"],"acf":[],"yoast_head":"<!-- This site is optimized with the Yoast SEO plugin v27.5 - https:\/\/yoast.com\/product\/yoast-seo-wordpress\/ -->\n<title>Contactar - Boomerang Intelligence<\/title>\n<meta name=\"robots\" content=\"index, follow, max-snippet:-1, max-image-preview:large, max-video-preview:-1\" \/>\n<link rel=\"canonical\" href=\"https:\/\/www.boomerang-intelligence.com\/ca\/contactar\/\" \/>\n<meta property=\"og:locale\" content=\"ca_ES\" \/>\n<meta property=\"og:type\" content=\"article\" \/>\n<meta property=\"og:title\" content=\"Contactar - Boomerang Intelligence\" \/>\n<meta property=\"og:description\" content=\"Preparat\/ada per trobar el millor talent? Parlem de les teves necessitats de RRHH i de com et podem ajudar. Contacta amb nosaltres A Boomerang Intelligence som aqu\u00ed per resoldre els teus dubtes i ajudar-te a optimitzar el teu proc\u00e9s de selecci\u00f3. Assessorament sense comprom\u00eds An\u00e0lisi gratu\u00efta Acc\u00e9s a una xarxa de talent exclusiva\" \/>\n<meta property=\"og:url\" content=\"https:\/\/www.boomerang-intelligence.com\/ca\/contactar\/\" \/>\n<meta property=\"og:site_name\" content=\"Boomerang Intelligence\" \/>\n<meta property=\"article:modified_time\" content=\"2026-03-24T10:26:23+00:00\" \/>\n<meta property=\"og:image\" content=\"https:\/\/www.boomerang-intelligence.com\/wp-content\/uploads\/2025\/09\/contacto.jpg\" \/>\n\t<meta property=\"og:image:width\" content=\"956\" \/>\n\t<meta property=\"og:image:height\" content=\"644\" \/>\n\t<meta property=\"og:image:type\" content=\"image\/jpeg\" \/>\n<meta name=\"twitter:card\" content=\"summary_large_image\" \/>\n<meta name=\"twitter:label1\" content=\"Temps estimat de lectura\" \/>\n\t<meta name=\"twitter:data1\" content=\"1 minut\" \/>\n<script type=\"application\/ld+json\" class=\"yoast-schema-graph\">{\"@context\":\"https:\\\/\\\/schema.org\",\"@graph\":[{\"@type\":\"WebPage\",\"@id\":\"https:\\\/\\\/www.boomerang-intelligence.com\\\/ca\\\/contactar\\\/\",\"url\":\"https:\\\/\\\/www.boomerang-intelligence.com\\\/ca\\\/contactar\\\/\",\"name\":\"Contactar - Boomerang Intelligence\",\"isPartOf\":{\"@id\":\"https:\\\/\\\/www.boomerang-intelligence.com\\\/ca\\\/#website\"},\"primaryImageOfPage\":{\"@id\":\"https:\\\/\\\/www.boomerang-intelligence.com\\\/ca\\\/contactar\\\/#primaryimage\"},\"image\":{\"@id\":\"https:\\\/\\\/www.boomerang-intelligence.com\\\/ca\\\/contactar\\\/#primaryimage\"},\"thumbnailUrl\":\"https:\\\/\\\/www.boomerang-intelligence.com\\\/wp-content\\\/uploads\\\/2025\\\/09\\\/contacto.jpg\",\"datePublished\":\"2025-09-25T05:53:07+00:00\",\"dateModified\":\"2026-03-24T10:26:23+00:00\",\"breadcrumb\":{\"@id\":\"https:\\\/\\\/www.boomerang-intelligence.com\\\/ca\\\/contactar\\\/#breadcrumb\"},\"inLanguage\":\"ca\",\"potentialAction\":[{\"@type\":\"ReadAction\",\"target\":[\"https:\\\/\\\/www.boomerang-intelligence.com\\\/ca\\\/contactar\\\/\"]}]},{\"@type\":\"ImageObject\",\"inLanguage\":\"ca\",\"@id\":\"https:\\\/\\\/www.boomerang-intelligence.com\\\/ca\\\/contactar\\\/#primaryimage\",\"url\":\"https:\\\/\\\/www.boomerang-intelligence.com\\\/wp-content\\\/uploads\\\/2025\\\/09\\\/contacto.jpg\",\"contentUrl\":\"https:\\\/\\\/www.boomerang-intelligence.com\\\/wp-content\\\/uploads\\\/2025\\\/09\\\/contacto.jpg\"},{\"@type\":\"BreadcrumbList\",\"@id\":\"https:\\\/\\\/www.boomerang-intelligence.com\\\/ca\\\/contactar\\\/#breadcrumb\",\"itemListElement\":[{\"@type\":\"ListItem\",\"position\":1,\"name\":\"Portada\",\"item\":\"https:\\\/\\\/www.boomerang-intelligence.com\\\/ca\\\/\"},{\"@type\":\"ListItem\",\"position\":2,\"name\":\"Contactar\"}]},{\"@type\":\"WebSite\",\"@id\":\"https:\\\/\\\/www.boomerang-intelligence.com\\\/ca\\\/#website\",\"url\":\"https:\\\/\\\/www.boomerang-intelligence.com\\\/ca\\\/\",\"name\":\"Boomerang Intelligence\",\"description\":\"\",\"publisher\":{\"@id\":\"https:\\\/\\\/www.boomerang-intelligence.com\\\/ca\\\/#organization\"},\"potentialAction\":[{\"@type\":\"SearchAction\",\"target\":{\"@type\":\"EntryPoint\",\"urlTemplate\":\"https:\\\/\\\/www.boomerang-intelligence.com\\\/ca\\\/?s={search_term_string}\"},\"query-input\":{\"@type\":\"PropertyValueSpecification\",\"valueRequired\":true,\"valueName\":\"search_term_string\"}}],\"inLanguage\":\"ca\"},{\"@type\":\"Organization\",\"@id\":\"https:\\\/\\\/www.boomerang-intelligence.com\\\/ca\\\/#organization\",\"name\":\"Boomerang Intelligence\",\"url\":\"https:\\\/\\\/www.boomerang-intelligence.com\\\/ca\\\/\",\"logo\":{\"@type\":\"ImageObject\",\"inLanguage\":\"ca\",\"@id\":\"https:\\\/\\\/www.boomerang-intelligence.com\\\/ca\\\/#\\\/schema\\\/logo\\\/image\\\/\",\"url\":\"https:\\\/\\\/www.boomerang-intelligence.com\\\/wp-content\\\/uploads\\\/2025\\\/09\\\/logo_boomerang_intelligence.png\",\"contentUrl\":\"https:\\\/\\\/www.boomerang-intelligence.com\\\/wp-content\\\/uploads\\\/2025\\\/09\\\/logo_boomerang_intelligence.png\",\"width\":504,\"height\":130,\"caption\":\"Boomerang Intelligence\"},\"image\":{\"@id\":\"https:\\\/\\\/www.boomerang-intelligence.com\\\/ca\\\/#\\\/schema\\\/logo\\\/image\\\/\"}}]}<\/script>\n<!-- \/ Yoast SEO plugin. -->","yoast_head_json":{"title":"Contactar - Boomerang Intelligence","robots":{"index":"index","follow":"follow","max-snippet":"max-snippet:-1","max-image-preview":"max-image-preview:large","max-video-preview":"max-video-preview:-1"},"canonical":"https:\/\/www.boomerang-intelligence.com\/ca\/contactar\/","og_locale":"ca_ES","og_type":"article","og_title":"Contactar - Boomerang Intelligence","og_description":"Preparat\/ada per trobar el millor talent? Parlem de les teves necessitats de RRHH i de com et podem ajudar. Contacta amb nosaltres A Boomerang Intelligence som aqu\u00ed per resoldre els teus dubtes i ajudar-te a optimitzar el teu proc\u00e9s de selecci\u00f3. Assessorament sense comprom\u00eds An\u00e0lisi gratu\u00efta Acc\u00e9s a una xarxa de talent exclusiva","og_url":"https:\/\/www.boomerang-intelligence.com\/ca\/contactar\/","og_site_name":"Boomerang Intelligence","article_modified_time":"2026-03-24T10:26:23+00:00","og_image":[{"width":956,"height":644,"url":"https:\/\/www.boomerang-intelligence.com\/wp-content\/uploads\/2025\/09\/contacto.jpg","type":"image\/jpeg"}],"twitter_card":"summary_large_image","twitter_misc":{"Temps estimat de lectura":"1 minut"},"schema":{"@context":"https:\/\/schema.org","@graph":[{"@type":"WebPage","@id":"https:\/\/www.boomerang-intelligence.com\/ca\/contactar\/","url":"https:\/\/www.boomerang-intelligence.com\/ca\/contactar\/","name":"Contactar - Boomerang Intelligence","isPartOf":{"@id":"https:\/\/www.boomerang-intelligence.com\/ca\/#website"},"primaryImageOfPage":{"@id":"https:\/\/www.boomerang-intelligence.com\/ca\/contactar\/#primaryimage"},"image":{"@id":"https:\/\/www.boomerang-intelligence.com\/ca\/contactar\/#primaryimage"},"thumbnailUrl":"https:\/\/www.boomerang-intelligence.com\/wp-content\/uploads\/2025\/09\/contacto.jpg","datePublished":"2025-09-25T05:53:07+00:00","dateModified":"2026-03-24T10:26:23+00:00","breadcrumb":{"@id":"https:\/\/www.boomerang-intelligence.com\/ca\/contactar\/#breadcrumb"},"inLanguage":"ca","potentialAction":[{"@type":"ReadAction","target":["https:\/\/www.boomerang-intelligence.com\/ca\/contactar\/"]}]},{"@type":"ImageObject","inLanguage":"ca","@id":"https:\/\/www.boomerang-intelligence.com\/ca\/contactar\/#primaryimage","url":"https:\/\/www.boomerang-intelligence.com\/wp-content\/uploads\/2025\/09\/contacto.jpg","contentUrl":"https:\/\/www.boomerang-intelligence.com\/wp-content\/uploads\/2025\/09\/contacto.jpg"},{"@type":"BreadcrumbList","@id":"https:\/\/www.boomerang-intelligence.com\/ca\/contactar\/#breadcrumb","itemListElement":[{"@type":"ListItem","position":1,"name":"Portada","item":"https:\/\/www.boomerang-intelligence.com\/ca\/"},{"@type":"ListItem","position":2,"name":"Contactar"}]},{"@type":"WebSite","@id":"https:\/\/www.boomerang-intelligence.com\/ca\/#website","url":"https:\/\/www.boomerang-intelligence.com\/ca\/","name":"Boomerang Intelligence","description":"","publisher":{"@id":"https:\/\/www.boomerang-intelligence.com\/ca\/#organization"},"potentialAction":[{"@type":"SearchAction","target":{"@type":"EntryPoint","urlTemplate":"https:\/\/www.boomerang-intelligence.com\/ca\/?s={search_term_string}"},"query-input":{"@type":"PropertyValueSpecification","valueRequired":true,"valueName":"search_term_string"}}],"inLanguage":"ca"},{"@type":"Organization","@id":"https:\/\/www.boomerang-intelligence.com\/ca\/#organization","name":"Boomerang Intelligence","url":"https:\/\/www.boomerang-intelligence.com\/ca\/","logo":{"@type":"ImageObject","inLanguage":"ca","@id":"https:\/\/www.boomerang-intelligence.com\/ca\/#\/schema\/logo\/image\/","url":"https:\/\/www.boomerang-intelligence.com\/wp-content\/uploads\/2025\/09\/logo_boomerang_intelligence.png","contentUrl":"https:\/\/www.boomerang-intelligence.com\/wp-content\/uploads\/2025\/09\/logo_boomerang_intelligence.png","width":504,"height":130,"caption":"Boomerang Intelligence"},"image":{"@id":"https:\/\/www.boomerang-intelligence.com\/ca\/#\/schema\/logo\/image\/"}}]}},"_links":{"self":[{"href":"https:\/\/www.boomerang-intelligence.com\/ca\/wp-json\/wp\/v2\/pages\/3497","targetHints":{"allow":["GET"]}}],"collection":[{"href":"https:\/\/www.boomerang-intelligence.com\/ca\/wp-json\/wp\/v2\/pages"}],"about":[{"href":"https:\/\/www.boomerang-intelligence.com\/ca\/wp-json\/wp\/v2\/types\/page"}],"author":[{"embeddable":true,"href":"https:\/\/www.boomerang-intelligence.com\/ca\/wp-json\/wp\/v2\/users\/2"}],"replies":[{"embeddable":true,"href":"https:\/\/www.boomerang-intelligence.com\/ca\/wp-json\/wp\/v2\/comments?post=3497"}],"version-history":[{"count":6,"href":"https:\/\/www.boomerang-intelligence.com\/ca\/wp-json\/wp\/v2\/pages\/3497\/revisions"}],"predecessor-version":[{"id":3839,"href":"https:\/\/www.boomerang-intelligence.com\/ca\/wp-json\/wp\/v2\/pages\/3497\/revisions\/3839"}],"wp:attachment":[{"href":"https:\/\/www.boomerang-intelligence.com\/ca\/wp-json\/wp\/v2\/media?parent=3497"}],"curies":[{"name":"wp","href":"https:\/\/api.w.org\/{rel}","templated":true}]}}