{"id":3493,"date":"2025-09-09T08:01:47","date_gmt":"2025-09-09T06:01:47","guid":{"rendered":"https:\/\/www.boomerang-intelligence.com\/aviso-legal\/"},"modified":"2026-03-20T15:14:44","modified_gmt":"2026-03-20T14:14:44","slug":"aviso-legal","status":"publish","type":"page","link":"https:\/\/www.boomerang-intelligence.com\/ca\/aviso-legal\/","title":{"rendered":"Aviso legal"},"content":{"rendered":"\t\t<div data-elementor-type=\"wp-page\" data-elementor-id=\"3493\" class=\"elementor elementor-3493 elementor-584\" data-elementor-post-type=\"page\">\n\t\t\t\t<div class=\"elementor-element elementor-element-1549167 e-flex e-con-boxed e-con e-parent\" data-id=\"1549167\" data-element_type=\"container\" data-e-type=\"container\" data-settings=\"{&quot;background_background&quot;:&quot;classic&quot;}\">\n\t\t\t\t\t<div class=\"e-con-inner\">\n\t\t\t\t<div class=\"elementor-element elementor-element-ac40438 elementor-widget elementor-widget-heading\" data-id=\"ac40438\" data-element_type=\"widget\" data-e-type=\"widget\" data-widget_type=\"heading.default\">\n\t\t\t\t\t<h1 class=\"elementor-heading-title elementor-size-default\">Aviso legal<\/h1>\t\t\t\t<\/div>\n\t\t\t\t\t<\/div>\n\t\t\t\t<\/div>\n\t\t<div class=\"elementor-element elementor-element-febfab7 e-flex e-con-boxed e-con e-parent\" data-id=\"febfab7\" data-element_type=\"container\" data-e-type=\"container\">\n\t\t\t\t\t<div class=\"e-con-inner\">\n\t\t\t\t<div class=\"elementor-element elementor-element-ad6bd9e cms elementor-widget elementor-widget-text-editor\" data-id=\"ad6bd9e\" data-element_type=\"widget\" data-e-type=\"widget\" data-widget_type=\"text-editor.default\">\n\t\t\t\t\t\t\t\t\t<p data-start=\"0\" data-end=\"121\"><strong data-start=\"0\" data-end=\"23\">Taula de continguts<\/strong><br data-start=\"23\" data-end=\"26\" \/>Introducci\u00f3<br data-start=\"37\" data-end=\"40\" \/>Propietat intel\u00b7lectual i industrial<br data-start=\"76\" data-end=\"79\" \/>Enlla\u00e7os<br data-start=\"87\" data-end=\"90\" \/>Responsabilitat<br data-start=\"105\" data-end=\"108\" \/>Jurisdicci\u00f3<\/p><hr data-start=\"123\" data-end=\"126\" \/><h3 data-section-id=\"l0nljw\" data-start=\"128\" data-end=\"150\"><span role=\"text\"><strong data-start=\"132\" data-end=\"150\">1. Introducci\u00f3<\/strong><\/span><\/h3><p data-start=\"152\" data-end=\"436\">El present lloc web \u00e9s propietat de <strong data-start=\"188\" data-end=\"228\">BOOMERANG TALENT, S.L. Recruiting SL<\/strong> (d\u2019ara endavant, BOOMERANG TALENT, S.L.). En compliment de l\u2019article 10 de la Llei 34\/2002, de serveis de la societat de la informaci\u00f3, us informem que les dades identificatives del titular de la p\u00e0gina s\u00f3n:<\/p><p data-start=\"438\" data-end=\"696\"><strong data-start=\"438\" data-end=\"453\">Ra\u00f3 social:<\/strong> BOOMERANG TALENT, S.L.<br data-start=\"476\" data-end=\"479\" \/><strong data-start=\"479\" data-end=\"490\">Adre\u00e7a:<\/strong> Aribau 205, Planta 5, 08006 Barcelona<br data-start=\"528\" data-end=\"531\" \/><strong data-start=\"531\" data-end=\"539\">CIF:<\/strong> B75922393<br data-start=\"549\" data-end=\"552\" \/><strong data-start=\"552\" data-end=\"597\">Dades d\u2019inscripci\u00f3 al Registre Mercantil:<\/strong> Tom 46970, Foli 99, Full B 536801, Inscripci\u00f3 1<br data-start=\"645\" data-end=\"648\" \/><strong data-start=\"648\" data-end=\"670\">Correu electr\u00f2nic:<\/strong> <a class=\"decorated-link cursor-pointer\" rel=\"noopener\" data-start=\"671\" data-end=\"694\">atencion@beboomerang.es<\/a><\/p><p data-start=\"698\" data-end=\"929\">L\u2019acc\u00e9s a aquest lloc web suposa l\u2019acceptaci\u00f3 expressa per part de l\u2019usuari\/a de les presents Condicions Generals i Particulars d\u2019\u00das, que podran ser modificades o substitu\u00efdes pel seu titular en qualsevol moment i sense previ av\u00eds.<\/p><p data-start=\"931\" data-end=\"1075\">L\u2019usuari\/a es compromet a utilitzar el portal, els seus serveis i continguts sense infringir la legislaci\u00f3 vigent, la bona fe ni l\u2019ordre p\u00fablic.<\/p><p data-start=\"1077\" data-end=\"1367\">L\u2019usuari\/a es compromet a no utilitzar el contingut del lloc web amb finalitats il\u00b7l\u00edcites o contr\u00e0ries al que estableix el present Av\u00eds Legal. No es lesionaran drets ni interessos de tercers, ni es realitzaran accions que puguin danyar, inutilitzar, sobrecarregar o deteriorar el lloc web.<\/p><p data-start=\"1369\" data-end=\"1586\">Aix\u00ed mateix, BOOMERANG TALENT, S.L. es reserva el dret d\u2019impedir l\u2019acc\u00e9s dels usuaris\/es al lloc web en cas d\u2019incompliment o vulneraci\u00f3 d\u2019aquestes obligacions, aix\u00ed com de la resta de condicions generals o de la llei.<\/p><p data-start=\"1588\" data-end=\"1734\">Queda expressament prohibida la utilitzaci\u00f3 per part de l\u2019usuari\/a dels continguts i serveis del portal amb finalitats comercials o publicit\u00e0ries.<\/p><p data-start=\"1736\" data-end=\"1981\">BOOMERANG TALENT, S.L. no es fa responsable en cap cas de qualsevol tipus d\u2019informaci\u00f3, comunicaci\u00f3, etc., que tingui el seu origen en l\u2019usuari\/a o en qualsevol tercera persona o entitat i que es difongui, transmeti o mostri a trav\u00e9s del portal.<\/p><p data-start=\"1983\" data-end=\"2246\">BOOMERANG TALENT, S.L. es reserva la facultat d\u2019efectuar, en qualsevol moment i sense necessitat de previ av\u00eds, modificacions i actualitzacions de la informaci\u00f3 continguda en el lloc web, de la seva configuraci\u00f3 i presentaci\u00f3 i de les condicions generals d\u2019acc\u00e9s.<\/p><hr data-start=\"2248\" data-end=\"2251\" \/><h3 data-section-id=\"125hp0v\" data-start=\"2253\" data-end=\"2300\"><span role=\"text\"><strong data-start=\"2257\" data-end=\"2300\">2. Propietat intel\u00b7lectual i industrial<\/strong><\/span><\/h3><p data-start=\"2302\" data-end=\"2815\">Els continguts, documentaci\u00f3, imatges, gr\u00e0fics, marques, logotips i disseny que formen aquest lloc web s\u00f3n propietat de BOOMERANG TALENT, S.L. i estan degudament protegits d\u2019acord amb la normativa espanyola i internacional sobre propietat intel\u00b7lectual, per la qual cosa queda expressament prohibida la seva reproducci\u00f3, \u00fas en qualsevol forma o qualsevol altra forma d\u2019explotaci\u00f3 sense l\u2019autoritzaci\u00f3 pr\u00e8via i expressa de l\u2019organitzaci\u00f3. En cas contrari, se\u2019n derivaran les responsabilitats legalment establertes.<\/p><p data-start=\"2817\" data-end=\"3023\">Correspon a BOOMERANG TALENT, S.L. l\u2019exercici exclusiu dels drets d\u2019explotaci\u00f3 dels continguts en qualsevol forma i, especialment, els drets de reproducci\u00f3, distribuci\u00f3, comunicaci\u00f3 p\u00fablica i transformaci\u00f3.<\/p><p data-start=\"3025\" data-end=\"3168\">Nom\u00e9s s\u2019autoritza la visualitzaci\u00f3, impressi\u00f3 i desc\u00e0rrega parcial del contingut del lloc web si es compleix alguna de les seg\u00fcents condicions:<\/p><ul data-start=\"3170\" data-end=\"3780\"><li data-section-id=\"74m5yr\" data-start=\"3170\" data-end=\"3288\"><p data-start=\"3172\" data-end=\"3288\">Que sigui compatible amb les finalitats del lloc web i existeixi una autoritzaci\u00f3 pr\u00e8via de BOOMERANG TALENT, S.L.<\/p><\/li><li data-section-id=\"lh9d8a\" data-start=\"3289\" data-end=\"3560\"><p data-start=\"3291\" data-end=\"3560\">Que es realitzi exclusivament amb la finalitat d\u2019obtenir informaci\u00f3 per a \u00fas personal i privat. Es prohibeix expressament el seu \u00fas amb finalitats comercials o per a la seva distribuci\u00f3, comunicaci\u00f3 p\u00fablica, transformaci\u00f3 o descompilaci\u00f3, excepte autoritzaci\u00f3 pr\u00e8via.<\/p><\/li><li data-section-id=\"t67g9a\" data-start=\"3561\" data-end=\"3632\"><p data-start=\"3563\" data-end=\"3632\">Que cap dels continguts del lloc web sigui modificat de cap manera.<\/p><\/li><li data-section-id=\"1wpqbzt\" data-start=\"3633\" data-end=\"3780\"><p data-start=\"3635\" data-end=\"3780\">Que cap gr\u00e0fic, icona o imatge disponible al lloc web sigui utilitzat, copiat o distribu\u00eft separadament de la resta d\u2019imatges que l\u2019acompanyen.<\/p><\/li><\/ul><p data-start=\"3782\" data-end=\"4076\">Pel que fa a les mencions de productes i serveis de tercers, l\u2019organitzaci\u00f3 reconeix a favor dels seus titulars els corresponents drets de propietat industrial i intel\u00b7lectual, i la seva simple menci\u00f3 o aparici\u00f3 al lloc web no implica l\u2019exist\u00e8ncia de drets ni cap responsabilitat sobre aquests.<\/p><p data-start=\"4078\" data-end=\"4304\">Les persones o empreses que remetin qualsevol tipus d\u2019informaci\u00f3 o contingut a BOOMERANG TALENT, S.L. es comprometen que aquesta sigui vera\u00e7 i que no vulneri cap dret de tercers ni sigui contr\u00e0ria a la llei o a l\u2019ordre p\u00fablic.<\/p><p data-start=\"4306\" data-end=\"4476\">Si considereu que algun contingut i\/o informaci\u00f3 d\u2019aquest lloc web vulnera un dret leg\u00edtim o la normativa vigent, no dubteu a contactar amb nosaltres a l\u2019adre\u00e7a indicada.<\/p><hr data-start=\"4478\" data-end=\"4481\" \/><h3 data-section-id=\"ia5bca\" data-start=\"4483\" data-end=\"4502\"><span role=\"text\"><strong data-start=\"4487\" data-end=\"4502\">3. Enlla\u00e7os<\/strong><\/span><\/h3><p data-start=\"4504\" data-end=\"4655\">Per enlla\u00e7ar la p\u00e0gina de BOOMERANG TALENT, S.L. ser\u00e0 necess\u00e0ria l\u2019autoritzaci\u00f3 expressa i per escrit dels titulars del portal que aix\u00ed ho requereixin.<\/p><p data-start=\"4657\" data-end=\"4911\">Qualsevol enlla\u00e7 de tercers a aquest lloc web haur\u00e0 de dirigir-se a la seva p\u00e0gina principal, quedant expressament prohibits els \u201cdeep links\u201d, el \u201cframing\u201d i qualsevol altre aprofitament dels continguts del lloc web en benefici de tercers no autoritzats.<\/p><p data-start=\"4913\" data-end=\"5362\">BOOMERANG TALENT, S.L. no es fa responsable dels enlla\u00e7os externs continguts en aquest lloc web que condueixin a llocs gestionats per tercers. L\u2019\u00fas d\u2019aquests enlla\u00e7os tampoc implica que BOOMERANG TALENT, S.L. recomani o aprovi els continguts de les p\u00e0gines de destinaci\u00f3, ni garanteix l\u2019abs\u00e8ncia de virus o altres elements que puguin produir alteracions en el sistema inform\u00e0tic (hardware i software), en els documents o en els arxius de l\u2019usuari\/a.<\/p><p data-start=\"5364\" data-end=\"5473\">Per aquest motiu, queda exclosa qualsevol responsabilitat pels danys de qualsevol tipus causats a l\u2019usuari\/a.<\/p><hr data-start=\"5475\" data-end=\"5478\" \/><h3 data-section-id=\"z83pas\" data-start=\"5480\" data-end=\"5506\"><span role=\"text\"><strong data-start=\"5484\" data-end=\"5506\">4. Responsabilitat<\/strong><\/span><\/h3><p data-start=\"5508\" data-end=\"5752\">En primer lloc, es tindr\u00e0 en compte el que estableix el r\u00e8gim d\u2019exempci\u00f3 de responsabilitat per als prestadors de serveis de la societat de la informaci\u00f3 previst a la Llei de serveis de la societat de la informaci\u00f3 i comer\u00e7 electr\u00f2nic (LSSICE).<\/p><p data-start=\"5754\" data-end=\"6092\">BOOMERANG TALENT, S.L. no es fa responsable dels danys ocasionats en els sistemes inform\u00e0tics dels usuaris\/es per causes alienes a la seva voluntat o atribu\u00efbles a una conducta negligent de l\u2019usuari\/a, ni dels produ\u00efts per l\u2019exist\u00e8ncia de virus inform\u00e0tics a Internet sobre els quals BOOMERANG TALENT, S.L. no tingui capacitat de control.<\/p><p data-start=\"6094\" data-end=\"6325\">L\u2019organitzaci\u00f3 tampoc es fa responsable de les dificultats t\u00e8cniques que puguin trobar els usuaris\/es d\u2019aquest lloc web quan la causa no sigui imputable a BOOMERANG TALENT, S.L., ni dels danys i perjudicis que aix\u00f2 pugui ocasionar.<\/p><p data-start=\"6327\" data-end=\"6588\">En cas que es produeixi alguna de les situacions anteriors, l\u2019usuari\/a podr\u00e0 posar-se en contacte amb BOOMERANG TALENT, S.L. a trav\u00e9s de l\u2019adre\u00e7a habilitada a tal efecte perqu\u00e8 pugui tenir coneixement del problema i resoldre\u2019l amb la m\u00e0xima dilig\u00e8ncia possible.<\/p><p data-start=\"6590\" data-end=\"6829\">En el cas que qualsevol usuari\/a consideri que el contingut del lloc web o els serveis prestats per les p\u00e0gines enlla\u00e7ades s\u00f3n il\u00b7l\u00edcits o lesionen drets propis o de tercers susceptibles d\u2019indemnitzaci\u00f3, i en particular si consisteixen en:<\/p><ul data-start=\"6831\" data-end=\"7361\"><li data-section-id=\"848b8c\" data-start=\"6831\" data-end=\"6936\"><p data-start=\"6833\" data-end=\"6936\">Activitats o continguts susceptibles de ser considerats delictius segons la normativa penal espanyola<\/p><\/li><li data-section-id=\"f4mdon\" data-start=\"6937\" data-end=\"7023\"><p data-start=\"6939\" data-end=\"7023\">Activitats o continguts que vulnerin drets de propietat intel\u00b7lectual o industrial<\/p><\/li><li data-section-id=\"3ft1zk\" data-start=\"7024\" data-end=\"7153\"><p data-start=\"7026\" data-end=\"7153\">Activitats o continguts que posin en perill l\u2019ordre p\u00fablic, la investigaci\u00f3 penal, la seguretat p\u00fablica o la defensa nacional<\/p><\/li><li data-section-id=\"4j6gos\" data-start=\"7154\" data-end=\"7361\"><p data-start=\"7156\" data-end=\"7361\">Activitats o continguts que posin en perill la protecci\u00f3 de la salut p\u00fablica, el respecte a la dignitat de la persona i el principi de no discriminaci\u00f3, aix\u00ed com la protecci\u00f3 de la salut i de la inf\u00e0ncia<\/p><\/li><\/ul><p data-start=\"7363\" data-end=\"7532\">No dubteu a contactar amb nosaltres a l\u2019adre\u00e7a indicada perqu\u00e8 BOOMERANG TALENT, S.L. pugui revisar aquests continguts amb la m\u00e0xima dilig\u00e8ncia i actuar en conseq\u00fc\u00e8ncia.<\/p><p data-start=\"7534\" data-end=\"7771\">L\u2019usuari\/a respondr\u00e0 i estar\u00e0 obligat\/ada a indemnitzar BOOMERANG TALENT, S.L. per qualsevol dany o perjudici que es pugui derivar de la utilitzaci\u00f3 i\/o consulta d\u2019aquest lloc web infringint les condicions generals o la normativa vigent.<\/p><hr data-start=\"7773\" data-end=\"7776\" \/><h3 data-section-id=\"ni1ial\" data-start=\"7778\" data-end=\"7800\"><span role=\"text\"><strong data-start=\"7782\" data-end=\"7800\">5. Jurisdicci\u00f3<\/strong><\/span><\/h3><p data-start=\"7802\" data-end=\"7920\" data-is-last-node=\"\" data-is-only-node=\"\">L\u2019entitat i l\u2019usuari\/a, amb ren\u00fancia expressa a qualsevol altre fur, se sotmeten als jutjats i tribunals de Barcelona.<\/p>\t\t\t\t\t\t\t\t<\/div>\n\t\t\t\t\t<\/div>\n\t\t\t\t<\/div>\n\t\t\t\t<\/div>\n\t\t","protected":false},"excerpt":{"rendered":"<p>Taula de contingutsIntroducci\u00f3Propietat intel\u00b7lectual i industrialEnlla\u00e7osResponsabilitatJurisdicci\u00f3 1. Introducci\u00f3 El present lloc web \u00e9s propietat de BOOMERANG TALENT, S.L. Recruiting SL (d\u2019ara endavant, BOOMERANG TALENT, S.L.). En compliment de l\u2019article 10 de la Llei 34\/2002, de serveis de la societat de la informaci\u00f3, us informem que les dades identificatives del titular de la p\u00e0gina s\u00f3n: Ra\u00f3 [&hellip;]<\/p>\n","protected":false},"author":2,"featured_media":0,"parent":0,"menu_order":0,"comment_status":"closed","ping_status":"closed","template":"","meta":{"_acf_changed":false,"footnotes":""},"class_list":["post-3493","page","type-page","status-publish","hentry"],"acf":[],"yoast_head":"<!-- This site is optimized with the Yoast SEO plugin v27.5 - https:\/\/yoast.com\/product\/yoast-seo-wordpress\/ -->\n<title>Aviso legal - Boomerang Intelligence<\/title>\n<meta name=\"robots\" content=\"index, follow, max-snippet:-1, max-image-preview:large, max-video-preview:-1\" \/>\n<link rel=\"canonical\" href=\"https:\/\/www.boomerang-intelligence.com\/ca\/aviso-legal\/\" \/>\n<meta property=\"og:locale\" content=\"ca_ES\" \/>\n<meta property=\"og:type\" content=\"article\" \/>\n<meta property=\"og:title\" content=\"Aviso legal - Boomerang Intelligence\" \/>\n<meta property=\"og:description\" content=\"Taula de contingutsIntroducci\u00f3Propietat intel\u00b7lectual i industrialEnlla\u00e7osResponsabilitatJurisdicci\u00f3 1. Introducci\u00f3 El present lloc web \u00e9s propietat de BOOMERANG TALENT, S.L. Recruiting SL (d\u2019ara endavant, BOOMERANG TALENT, S.L.). En compliment de l\u2019article 10 de la Llei 34\/2002, de serveis de la societat de la informaci\u00f3, us informem que les dades identificatives del titular de la p\u00e0gina s\u00f3n: Ra\u00f3 [&hellip;]\" \/>\n<meta property=\"og:url\" content=\"https:\/\/www.boomerang-intelligence.com\/ca\/aviso-legal\/\" \/>\n<meta property=\"og:site_name\" content=\"Boomerang Intelligence\" \/>\n<meta property=\"article:modified_time\" content=\"2026-03-20T14:14:44+00:00\" \/>\n<meta name=\"twitter:card\" content=\"summary_large_image\" \/>\n<meta name=\"twitter:label1\" content=\"Temps estimat de lectura\" \/>\n\t<meta name=\"twitter:data1\" content=\"7 minuts\" \/>\n<script type=\"application\/ld+json\" class=\"yoast-schema-graph\">{\"@context\":\"https:\\\/\\\/schema.org\",\"@graph\":[{\"@type\":\"WebPage\",\"@id\":\"https:\\\/\\\/www.boomerang-intelligence.com\\\/ca\\\/aviso-legal\\\/\",\"url\":\"https:\\\/\\\/www.boomerang-intelligence.com\\\/ca\\\/aviso-legal\\\/\",\"name\":\"Aviso legal - Boomerang Intelligence\",\"isPartOf\":{\"@id\":\"https:\\\/\\\/www.boomerang-intelligence.com\\\/ca\\\/#website\"},\"datePublished\":\"2025-09-09T06:01:47+00:00\",\"dateModified\":\"2026-03-20T14:14:44+00:00\",\"breadcrumb\":{\"@id\":\"https:\\\/\\\/www.boomerang-intelligence.com\\\/ca\\\/aviso-legal\\\/#breadcrumb\"},\"inLanguage\":\"ca\",\"potentialAction\":[{\"@type\":\"ReadAction\",\"target\":[\"https:\\\/\\\/www.boomerang-intelligence.com\\\/ca\\\/aviso-legal\\\/\"]}]},{\"@type\":\"BreadcrumbList\",\"@id\":\"https:\\\/\\\/www.boomerang-intelligence.com\\\/ca\\\/aviso-legal\\\/#breadcrumb\",\"itemListElement\":[{\"@type\":\"ListItem\",\"position\":1,\"name\":\"Portada\",\"item\":\"https:\\\/\\\/www.boomerang-intelligence.com\\\/ca\\\/\"},{\"@type\":\"ListItem\",\"position\":2,\"name\":\"Aviso legal\"}]},{\"@type\":\"WebSite\",\"@id\":\"https:\\\/\\\/www.boomerang-intelligence.com\\\/ca\\\/#website\",\"url\":\"https:\\\/\\\/www.boomerang-intelligence.com\\\/ca\\\/\",\"name\":\"Boomerang Intelligence\",\"description\":\"\",\"publisher\":{\"@id\":\"https:\\\/\\\/www.boomerang-intelligence.com\\\/ca\\\/#organization\"},\"potentialAction\":[{\"@type\":\"SearchAction\",\"target\":{\"@type\":\"EntryPoint\",\"urlTemplate\":\"https:\\\/\\\/www.boomerang-intelligence.com\\\/ca\\\/?s={search_term_string}\"},\"query-input\":{\"@type\":\"PropertyValueSpecification\",\"valueRequired\":true,\"valueName\":\"search_term_string\"}}],\"inLanguage\":\"ca\"},{\"@type\":\"Organization\",\"@id\":\"https:\\\/\\\/www.boomerang-intelligence.com\\\/ca\\\/#organization\",\"name\":\"Boomerang Intelligence\",\"url\":\"https:\\\/\\\/www.boomerang-intelligence.com\\\/ca\\\/\",\"logo\":{\"@type\":\"ImageObject\",\"inLanguage\":\"ca\",\"@id\":\"https:\\\/\\\/www.boomerang-intelligence.com\\\/ca\\\/#\\\/schema\\\/logo\\\/image\\\/\",\"url\":\"https:\\\/\\\/www.boomerang-intelligence.com\\\/wp-content\\\/uploads\\\/2025\\\/09\\\/logo_boomerang_intelligence.png\",\"contentUrl\":\"https:\\\/\\\/www.boomerang-intelligence.com\\\/wp-content\\\/uploads\\\/2025\\\/09\\\/logo_boomerang_intelligence.png\",\"width\":504,\"height\":130,\"caption\":\"Boomerang Intelligence\"},\"image\":{\"@id\":\"https:\\\/\\\/www.boomerang-intelligence.com\\\/ca\\\/#\\\/schema\\\/logo\\\/image\\\/\"}}]}<\/script>\n<!-- \/ Yoast SEO plugin. -->","yoast_head_json":{"title":"Aviso legal - Boomerang Intelligence","robots":{"index":"index","follow":"follow","max-snippet":"max-snippet:-1","max-image-preview":"max-image-preview:large","max-video-preview":"max-video-preview:-1"},"canonical":"https:\/\/www.boomerang-intelligence.com\/ca\/aviso-legal\/","og_locale":"ca_ES","og_type":"article","og_title":"Aviso legal - Boomerang Intelligence","og_description":"Taula de contingutsIntroducci\u00f3Propietat intel\u00b7lectual i industrialEnlla\u00e7osResponsabilitatJurisdicci\u00f3 1. Introducci\u00f3 El present lloc web \u00e9s propietat de BOOMERANG TALENT, S.L. Recruiting SL (d\u2019ara endavant, BOOMERANG TALENT, S.L.). En compliment de l\u2019article 10 de la Llei 34\/2002, de serveis de la societat de la informaci\u00f3, us informem que les dades identificatives del titular de la p\u00e0gina s\u00f3n: Ra\u00f3 [&hellip;]","og_url":"https:\/\/www.boomerang-intelligence.com\/ca\/aviso-legal\/","og_site_name":"Boomerang Intelligence","article_modified_time":"2026-03-20T14:14:44+00:00","twitter_card":"summary_large_image","twitter_misc":{"Temps estimat de lectura":"7 minuts"},"schema":{"@context":"https:\/\/schema.org","@graph":[{"@type":"WebPage","@id":"https:\/\/www.boomerang-intelligence.com\/ca\/aviso-legal\/","url":"https:\/\/www.boomerang-intelligence.com\/ca\/aviso-legal\/","name":"Aviso legal - Boomerang Intelligence","isPartOf":{"@id":"https:\/\/www.boomerang-intelligence.com\/ca\/#website"},"datePublished":"2025-09-09T06:01:47+00:00","dateModified":"2026-03-20T14:14:44+00:00","breadcrumb":{"@id":"https:\/\/www.boomerang-intelligence.com\/ca\/aviso-legal\/#breadcrumb"},"inLanguage":"ca","potentialAction":[{"@type":"ReadAction","target":["https:\/\/www.boomerang-intelligence.com\/ca\/aviso-legal\/"]}]},{"@type":"BreadcrumbList","@id":"https:\/\/www.boomerang-intelligence.com\/ca\/aviso-legal\/#breadcrumb","itemListElement":[{"@type":"ListItem","position":1,"name":"Portada","item":"https:\/\/www.boomerang-intelligence.com\/ca\/"},{"@type":"ListItem","position":2,"name":"Aviso legal"}]},{"@type":"WebSite","@id":"https:\/\/www.boomerang-intelligence.com\/ca\/#website","url":"https:\/\/www.boomerang-intelligence.com\/ca\/","name":"Boomerang Intelligence","description":"","publisher":{"@id":"https:\/\/www.boomerang-intelligence.com\/ca\/#organization"},"potentialAction":[{"@type":"SearchAction","target":{"@type":"EntryPoint","urlTemplate":"https:\/\/www.boomerang-intelligence.com\/ca\/?s={search_term_string}"},"query-input":{"@type":"PropertyValueSpecification","valueRequired":true,"valueName":"search_term_string"}}],"inLanguage":"ca"},{"@type":"Organization","@id":"https:\/\/www.boomerang-intelligence.com\/ca\/#organization","name":"Boomerang Intelligence","url":"https:\/\/www.boomerang-intelligence.com\/ca\/","logo":{"@type":"ImageObject","inLanguage":"ca","@id":"https:\/\/www.boomerang-intelligence.com\/ca\/#\/schema\/logo\/image\/","url":"https:\/\/www.boomerang-intelligence.com\/wp-content\/uploads\/2025\/09\/logo_boomerang_intelligence.png","contentUrl":"https:\/\/www.boomerang-intelligence.com\/wp-content\/uploads\/2025\/09\/logo_boomerang_intelligence.png","width":504,"height":130,"caption":"Boomerang Intelligence"},"image":{"@id":"https:\/\/www.boomerang-intelligence.com\/ca\/#\/schema\/logo\/image\/"}}]}},"_links":{"self":[{"href":"https:\/\/www.boomerang-intelligence.com\/ca\/wp-json\/wp\/v2\/pages\/3493","targetHints":{"allow":["GET"]}}],"collection":[{"href":"https:\/\/www.boomerang-intelligence.com\/ca\/wp-json\/wp\/v2\/pages"}],"about":[{"href":"https:\/\/www.boomerang-intelligence.com\/ca\/wp-json\/wp\/v2\/types\/page"}],"author":[{"embeddable":true,"href":"https:\/\/www.boomerang-intelligence.com\/ca\/wp-json\/wp\/v2\/users\/2"}],"replies":[{"embeddable":true,"href":"https:\/\/www.boomerang-intelligence.com\/ca\/wp-json\/wp\/v2\/comments?post=3493"}],"version-history":[{"count":12,"href":"https:\/\/www.boomerang-intelligence.com\/ca\/wp-json\/wp\/v2\/pages\/3493\/revisions"}],"predecessor-version":[{"id":3760,"href":"https:\/\/www.boomerang-intelligence.com\/ca\/wp-json\/wp\/v2\/pages\/3493\/revisions\/3760"}],"wp:attachment":[{"href":"https:\/\/www.boomerang-intelligence.com\/ca\/wp-json\/wp\/v2\/media?parent=3493"}],"curies":[{"name":"wp","href":"https:\/\/api.w.org\/{rel}","templated":true}]}}